{"id":1612,"date":"2024-02-12T07:09:20","date_gmt":"2024-02-12T07:09:20","guid":{"rendered":"https:\/\/www.securian.com.tr\/?page_id=1612"},"modified":"2024-02-12T10:59:54","modified_gmt":"2024-02-12T10:59:54","slug":"degerlerimiz","status":"publish","type":"page","link":"https:\/\/www.securian.com.tr\/en\/degerlerimiz\/","title":{"rendered":"Culture"},"content":{"rendered":"<div data-elementor-type=\"wp-page\" data-elementor-id=\"1612\" class=\"elementor elementor-1612\">\n\t\t\t\t\t\t<section class=\"elementor-section elementor-top-section elementor-element elementor-element-219621b elementor-section-boxed elementor-section-height-default elementor-section-height-default\" data-id=\"219621b\" data-element_type=\"section\">\n\t\t\t\t\t\t<div class=\"elementor-container elementor-column-gap-default\">\n\t\t\t\t\t<div class=\"elementor-column elementor-col-100 elementor-top-column elementor-element elementor-element-49343f6\" data-id=\"49343f6\" data-element_type=\"column\">\n\t\t\t<div class=\"elementor-widget-wrap elementor-element-populated\">\n\t\t\t\t\t\t<div class=\"elementor-element elementor-element-91e1a85 elementor-widget elementor-widget-image\" data-id=\"91e1a85\" data-element_type=\"widget\" data-widget_type=\"image.default\">\n\t\t\t\t<div class=\"elementor-widget-container\">\n\t\t\t<style>\/*! elementor - v3.19.0 - 05-02-2024 *\/\n.elementor-widget-image{text-align:center}.elementor-widget-image a{display:inline-block}.elementor-widget-image a img[src$=\".svg\"]{width:48px}.elementor-widget-image img{vertical-align:middle;display:inline-block}<\/style>\t\t\t\t\t\t\t\t\t\t<img decoding=\"async\" width=\"300\" height=\"81\" src=\"https:\/\/www.securian.com.tr\/wp-content\/uploads\/2024\/01\/securian-300x81.png\" class=\"attachment-medium size-medium wp-image-1183\" alt=\"\" srcset=\"https:\/\/www.securian.com.tr\/wp-content\/uploads\/2024\/01\/securian-300x81.png 300w, https:\/\/www.securian.com.tr\/wp-content\/uploads\/2024\/01\/securian-1024x276.png 1024w, https:\/\/www.securian.com.tr\/wp-content\/uploads\/2024\/01\/securian-768x207.png 768w, https:\/\/www.securian.com.tr\/wp-content\/uploads\/2024\/01\/securian-1536x414.png 1536w, https:\/\/www.securian.com.tr\/wp-content\/uploads\/2024\/01\/securian-2048x552.png 2048w\" sizes=\"(max-width: 300px) 100vw, 300px\" \/>\t\t\t\t\t\t\t\t\t\t\t\t\t<\/div>\n\t\t\t\t<\/div>\n\t\t\t\t\t<\/div>\n\t\t<\/div>\n\t\t\t\t\t<\/div>\n\t\t<\/section>\n\t\t\t\t<section class=\"elementor-section elementor-top-section elementor-element elementor-element-c6e32d6 elementor-section-boxed elementor-section-height-default elementor-section-height-default\" data-id=\"c6e32d6\" data-element_type=\"section\">\n\t\t\t\t\t\t<div class=\"elementor-container elementor-column-gap-default\">\n\t\t\t\t\t<div class=\"elementor-column elementor-col-100 elementor-top-column elementor-element elementor-element-0cbf1ab\" data-id=\"0cbf1ab\" data-element_type=\"column\">\n\t\t\t<div class=\"elementor-widget-wrap elementor-element-populated\">\n\t\t\t\t\t\t<div class=\"elementor-element elementor-element-8155d97 elementor-widget elementor-widget-text-editor\" data-id=\"8155d97\" data-element_type=\"widget\" data-widget_type=\"text-editor.default\">\n\t\t\t\t<div class=\"elementor-widget-container\">\n\t\t\t<style>\/*! elementor - v3.19.0 - 05-02-2024 *\/\n.elementor-widget-text-editor.elementor-drop-cap-view-stacked .elementor-drop-cap{background-color:#69727d;color:#fff}.elementor-widget-text-editor.elementor-drop-cap-view-framed .elementor-drop-cap{color:#69727d;border:3px solid;background-color:transparent}.elementor-widget-text-editor:not(.elementor-drop-cap-view-default) .elementor-drop-cap{margin-top:8px}.elementor-widget-text-editor:not(.elementor-drop-cap-view-default) .elementor-drop-cap-letter{width:1em;height:1em}.elementor-widget-text-editor .elementor-drop-cap{float:left;text-align:center;line-height:1;font-size:50px}.elementor-widget-text-editor .elementor-drop-cap-letter{display:inline-block}<\/style>\t\t\t\t<p class=\" translation-block\">At Securian, our values are the cornerstone of everything we do. Honesty, innovation and\nWe believe in unremitting commitment to excellence. Our team only meets expectations\nIt acts with the passion to produce solutions that not only meet but exceed them. Transparency,\nCollaboration and customer satisfaction are at the core of our values and every interaction and\nensures that the project reflects our unwavering commitment to quality and success. Your values\nJoin us on a journey where it translates into actions and creates a lasting impact on your business.<\/p><p><strong>Trust<\/strong><\/p><p class=\" translation-block\">At Securian, integrity is the foundation of our actions. Honesty, transparency and ethical behavior\nWe act at the highest standards. Facing tough decisions\nto do the right thing for our customers, colleagues and stakeholders, even when we are\nWe are determined.<\/p><p><strong>Customer Centricity<\/strong><\/p><p class=\" translation-block\">Our customers are the focus of everything we do at Securian. To understand your needs,\nProviding personalized solutions and exceptional service that consistently exceeds expectations\nWe are committed to delivering.<\/p><p><strong>Partnership<\/strong><\/p><p class=\" translation-block\">Securian thrives in a collaborative and inclusive work environment. We foster teamwork and diversity by leveraging the unique strengths and<br>perspectives of our employees to foster innovation and<br>achieve greater success together.<\/p><p><strong>Innovation<\/strong><\/p><p class=\" translation-block\">Embracing change is an integral part of Securian's DNA. We are constantly looking for innovative solutions to meet the evolving<br>needs of our customers. Our employees are encouraged to think creatively, challenge convention<br>and explore new ideas to bring<br>Securian to the forefront of technological evolution.<\/p>\t\t\t\t\t\t<\/div>\n\t\t\t\t<\/div>\n\t\t\t\t<div class=\"elementor-element elementor-element-68de1ce elementor-widget elementor-widget-heading\" data-id=\"68de1ce\" data-element_type=\"widget\" data-widget_type=\"heading.default\">\n\t\t\t\t<div class=\"elementor-widget-container\">\n\t\t\t<style>\/*! elementor - v3.19.0 - 05-02-2024 *\/\n.elementor-heading-title{padding:0;margin:0;line-height:1}.elementor-widget-heading .elementor-heading-title[class*=elementor-size-]>a{color:inherit;font-size:inherit;line-height:inherit}.elementor-widget-heading .elementor-heading-title.elementor-size-small{font-size:15px}.elementor-widget-heading .elementor-heading-title.elementor-size-medium{font-size:19px}.elementor-widget-heading .elementor-heading-title.elementor-size-large{font-size:29px}.elementor-widget-heading .elementor-heading-title.elementor-size-xl{font-size:39px}.elementor-widget-heading .elementor-heading-title.elementor-size-xxl{font-size:59px}<\/style><h3 class=\"elementor-heading-title elementor-size-default\">Securian.com.tr 2024<\/h3>\t\t<\/div>\n\t\t\t\t<\/div>\n\t\t\t\t\t<\/div>\n\t\t<\/div>\n\t\t\t\t\t<\/div>\n\t\t<\/section>\n\t\t\t\t<\/div>","protected":false},"excerpt":{"rendered":"<p>Securian\u2019da de\u011ferlerimiz yapt\u0131\u011f\u0131m\u0131z her \u015feyin temel ta\u015f\u0131d\u0131r.\u00a0D\u00fcr\u00fcstl\u00fc\u011fe, yenili\u011fe vem\u00fckemmelli\u011fe y\u00f6nelik aral\u0131ks\u0131z ba\u011fl\u0131l\u0131\u011fa inan\u0131yoruz.\u00a0Ekibimiz, yaln\u0131zca beklentilerikar\u015f\u0131lamakla kalmay\u0131p onlar\u0131 a\u015fan \u00e7\u00f6z\u00fcmler \u00fcretme tutkusuyla hareket etmektedir.\u00a0\u015eeffafl\u0131k,i\u015fbirli\u011fi ve m\u00fc\u015fteri memnuniyeti de\u011ferlerimizin temelinde yer al\u0131r ve her etkile\u015fimin veprojenin kalite ve ba\u015far\u0131ya olan sars\u0131lmaz ba\u011fl\u0131l\u0131\u011f\u0131m\u0131z\u0131 yans\u0131tmas\u0131n\u0131 sa\u011flar.\u00a0De\u011ferlerineylemlere d\u00f6n\u00fc\u015ft\u00fc\u011f\u00fc ve i\u015fletmeniz \u00fczerinde kal\u0131c\u0131 bir etki yaratt\u0131\u011f\u0131 bir yolculukta bize kat\u0131l\u0131n.Do\u011frulukSecurian\u2019da do\u011fruluk, [&hellip;]<\/p>","protected":false},"author":1,"featured_media":0,"parent":0,"menu_order":0,"comment_status":"closed","ping_status":"closed","template":"","meta":{"inline_featured_image":false,"footnotes":""},"class_list":["post-1612","page","type-page","status-publish","hentry"],"_links":{"self":[{"href":"https:\/\/www.securian.com.tr\/en\/wp-json\/wp\/v2\/pages\/1612","targetHints":{"allow":["GET"]}}],"collection":[{"href":"https:\/\/www.securian.com.tr\/en\/wp-json\/wp\/v2\/pages"}],"about":[{"href":"https:\/\/www.securian.com.tr\/en\/wp-json\/wp\/v2\/types\/page"}],"author":[{"embeddable":true,"href":"https:\/\/www.securian.com.tr\/en\/wp-json\/wp\/v2\/users\/1"}],"replies":[{"embeddable":true,"href":"https:\/\/www.securian.com.tr\/en\/wp-json\/wp\/v2\/comments?post=1612"}],"version-history":[{"count":10,"href":"https:\/\/www.securian.com.tr\/en\/wp-json\/wp\/v2\/pages\/1612\/revisions"}],"predecessor-version":[{"id":1663,"href":"https:\/\/www.securian.com.tr\/en\/wp-json\/wp\/v2\/pages\/1612\/revisions\/1663"}],"wp:attachment":[{"href":"https:\/\/www.securian.com.tr\/en\/wp-json\/wp\/v2\/media?parent=1612"}],"curies":[{"name":"wp","href":"https:\/\/api.w.org\/{rel}","templated":true}]}}