{"id":1607,"date":"2024-02-12T07:05:58","date_gmt":"2024-02-12T07:05:58","guid":{"rendered":"https:\/\/www.securian.com.tr\/?page_id=1607"},"modified":"2024-02-12T07:08:35","modified_gmt":"2024-02-12T07:08:35","slug":"vizyon","status":"publish","type":"page","link":"https:\/\/www.securian.com.tr\/en\/vizyon\/","title":{"rendered":"Vision"},"content":{"rendered":"<div data-elementor-type=\"wp-page\" data-elementor-id=\"1607\" class=\"elementor elementor-1607\">\n\t\t\t\t\t\t<section class=\"elementor-section elementor-top-section elementor-element elementor-element-93d65a9 elementor-section-boxed elementor-section-height-default elementor-section-height-default\" data-id=\"93d65a9\" data-element_type=\"section\">\n\t\t\t\t\t\t<div class=\"elementor-container elementor-column-gap-default\">\n\t\t\t\t\t<div class=\"elementor-column elementor-col-100 elementor-top-column elementor-element elementor-element-afa0320\" data-id=\"afa0320\" data-element_type=\"column\">\n\t\t\t<div class=\"elementor-widget-wrap elementor-element-populated\">\n\t\t\t\t\t\t<div class=\"elementor-element elementor-element-bc2bce9 elementor-widget elementor-widget-image\" data-id=\"bc2bce9\" data-element_type=\"widget\" data-widget_type=\"image.default\">\n\t\t\t\t<div class=\"elementor-widget-container\">\n\t\t\t<style>\/*! elementor - v3.19.0 - 05-02-2024 *\/\n.elementor-widget-image{text-align:center}.elementor-widget-image a{display:inline-block}.elementor-widget-image a img[src$=\".svg\"]{width:48px}.elementor-widget-image img{vertical-align:middle;display:inline-block}<\/style>\t\t\t\t\t\t\t\t\t\t<img decoding=\"async\" width=\"300\" height=\"81\" src=\"https:\/\/www.securian.com.tr\/wp-content\/uploads\/2024\/01\/securian-300x81.png\" class=\"attachment-medium size-medium wp-image-1183\" alt=\"\" srcset=\"https:\/\/www.securian.com.tr\/wp-content\/uploads\/2024\/01\/securian-300x81.png 300w, https:\/\/www.securian.com.tr\/wp-content\/uploads\/2024\/01\/securian-1024x276.png 1024w, https:\/\/www.securian.com.tr\/wp-content\/uploads\/2024\/01\/securian-768x207.png 768w, https:\/\/www.securian.com.tr\/wp-content\/uploads\/2024\/01\/securian-1536x414.png 1536w, https:\/\/www.securian.com.tr\/wp-content\/uploads\/2024\/01\/securian-2048x552.png 2048w\" sizes=\"(max-width: 300px) 100vw, 300px\" \/>\t\t\t\t\t\t\t\t\t\t\t\t\t<\/div>\n\t\t\t\t<\/div>\n\t\t\t\t\t<\/div>\n\t\t<\/div>\n\t\t\t\t\t<\/div>\n\t\t<\/section>\n\t\t\t\t<section class=\"elementor-section elementor-top-section elementor-element elementor-element-a435956 elementor-section-boxed elementor-section-height-default elementor-section-height-default\" data-id=\"a435956\" data-element_type=\"section\">\n\t\t\t\t\t\t<div class=\"elementor-container elementor-column-gap-default\">\n\t\t\t\t\t<div class=\"elementor-column elementor-col-100 elementor-top-column elementor-element elementor-element-f1f1762\" data-id=\"f1f1762\" data-element_type=\"column\">\n\t\t\t<div class=\"elementor-widget-wrap elementor-element-populated\">\n\t\t\t\t\t\t<div class=\"elementor-element elementor-element-e19c7c6 elementor-widget elementor-widget-text-editor\" data-id=\"e19c7c6\" data-element_type=\"widget\" data-widget_type=\"text-editor.default\">\n\t\t\t\t<div class=\"elementor-widget-container\">\n\t\t\t<style>\/*! elementor - v3.19.0 - 05-02-2024 *\/\n.elementor-widget-text-editor.elementor-drop-cap-view-stacked .elementor-drop-cap{background-color:#69727d;color:#fff}.elementor-widget-text-editor.elementor-drop-cap-view-framed .elementor-drop-cap{color:#69727d;border:3px solid;background-color:transparent}.elementor-widget-text-editor:not(.elementor-drop-cap-view-default) .elementor-drop-cap{margin-top:8px}.elementor-widget-text-editor:not(.elementor-drop-cap-view-default) .elementor-drop-cap-letter{width:1em;height:1em}.elementor-widget-text-editor .elementor-drop-cap{float:left;text-align:center;line-height:1;font-size:50px}.elementor-widget-text-editor .elementor-drop-cap-letter{display:inline-block}<\/style>\t\t\t\t<p><strong>Vision<\/strong><\/p><p class=\" translation-block\">At Securian, our vision is to redefine the IT solutions landscape by creating a seamless and personalized experience for our customers. We imagine a future where technology is accessible, transparent and<br>fully tailored to individual preferences.<\/p><p class=\" translation-block\">Through relentless innovation and collaborative partnerships, we aim to lead the industry by setting new benchmarks for customer-focused IT solutions. To be the technology partner of choice, known for our unwavering commitment to excellence, trust and customer<br>satisfaction.<\/p>\t\t\t\t\t\t<\/div>\n\t\t\t\t<\/div>\n\t\t\t\t<div class=\"elementor-element elementor-element-198bac0 elementor-widget elementor-widget-heading\" data-id=\"198bac0\" data-element_type=\"widget\" data-widget_type=\"heading.default\">\n\t\t\t\t<div class=\"elementor-widget-container\">\n\t\t\t<style>\/*! elementor - v3.19.0 - 05-02-2024 *\/\n.elementor-heading-title{padding:0;margin:0;line-height:1}.elementor-widget-heading .elementor-heading-title[class*=elementor-size-]>a{color:inherit;font-size:inherit;line-height:inherit}.elementor-widget-heading .elementor-heading-title.elementor-size-small{font-size:15px}.elementor-widget-heading .elementor-heading-title.elementor-size-medium{font-size:19px}.elementor-widget-heading .elementor-heading-title.elementor-size-large{font-size:29px}.elementor-widget-heading .elementor-heading-title.elementor-size-xl{font-size:39px}.elementor-widget-heading .elementor-heading-title.elementor-size-xxl{font-size:59px}<\/style><h4 class=\"elementor-heading-title elementor-size-default\">Securian.com.tr 2024<\/h4>\t\t<\/div>\n\t\t\t\t<\/div>\n\t\t\t\t\t<\/div>\n\t\t<\/div>\n\t\t\t\t\t<\/div>\n\t\t<\/section>\n\t\t\t\t<\/div>","protected":false},"excerpt":{"rendered":"<p>VizyonSecurian olarak vizyonumuz, m\u00fc\u015fterilerimiz i\u00e7in kusursuz ve ki\u015fiselle\u015ftirilmi\u015f bir deneyimyaratarak BT \u00e7\u00f6z\u00fcmleri ortam\u0131n\u0131 yeniden tan\u0131mlamakt\u0131r.\u00a0Teknolojinin eri\u015filebilir, \u015feffaf vebireysel tercihlere g\u00f6re tam olarak uyarland\u0131\u011f\u0131 bir gelecek hayal ediyoruz.Aral\u0131ks\u0131z inovasyon ve i\u015fbirli\u011fine dayal\u0131 ortakl\u0131klar arac\u0131l\u0131\u011f\u0131yla, m\u00fc\u015fteri odakl\u0131 BT \u00e7\u00f6z\u00fcmleri i\u00e7in yeni \u00f6l\u00e7\u00fctlerolu\u015fturarak sekt\u00f6re liderlik etmeyi hedefliyoruz.\u00a0M\u00fckemmellik, g\u00fcven ve m\u00fc\u015fterimemnuniyetine olan sars\u0131lmaz ba\u011fl\u0131l\u0131\u011f\u0131m\u0131zla tan\u0131nan, tercih edilen teknoloji orta\u011f\u0131 [&hellip;]<\/p>","protected":false},"author":1,"featured_media":0,"parent":0,"menu_order":0,"comment_status":"closed","ping_status":"closed","template":"","meta":{"inline_featured_image":false,"footnotes":""},"class_list":["post-1607","page","type-page","status-publish","hentry"],"_links":{"self":[{"href":"https:\/\/www.securian.com.tr\/en\/wp-json\/wp\/v2\/pages\/1607","targetHints":{"allow":["GET"]}}],"collection":[{"href":"https:\/\/www.securian.com.tr\/en\/wp-json\/wp\/v2\/pages"}],"about":[{"href":"https:\/\/www.securian.com.tr\/en\/wp-json\/wp\/v2\/types\/page"}],"author":[{"embeddable":true,"href":"https:\/\/www.securian.com.tr\/en\/wp-json\/wp\/v2\/users\/1"}],"replies":[{"embeddable":true,"href":"https:\/\/www.securian.com.tr\/en\/wp-json\/wp\/v2\/comments?post=1607"}],"version-history":[{"count":4,"href":"https:\/\/www.securian.com.tr\/en\/wp-json\/wp\/v2\/pages\/1607\/revisions"}],"predecessor-version":[{"id":1611,"href":"https:\/\/www.securian.com.tr\/en\/wp-json\/wp\/v2\/pages\/1607\/revisions\/1611"}],"wp:attachment":[{"href":"https:\/\/www.securian.com.tr\/en\/wp-json\/wp\/v2\/media?parent=1607"}],"curies":[{"name":"wp","href":"https:\/\/api.w.org\/{rel}","templated":true}]}}