{"id":154,"date":"2023-03-21T08:03:26","date_gmt":"2023-03-21T08:03:26","guid":{"rendered":"https:\/\/shtheme.com\/demosd\/ziptech\/?page_id=154"},"modified":"2024-02-07T06:45:04","modified_gmt":"2024-02-07T06:45:04","slug":"iletisim","status":"publish","type":"page","link":"https:\/\/www.securian.com.tr\/en\/iletisim\/","title":{"rendered":"Contact us"},"content":{"rendered":"<div data-elementor-type=\"wp-page\" data-elementor-id=\"154\" class=\"elementor elementor-154\">\n\t\t\t\t\t\t<section class=\"elementor-section elementor-top-section elementor-element elementor-element-89b3b7f elementor-section-full_width elementor-section-height-default elementor-section-height-default\" data-id=\"89b3b7f\" data-element_type=\"section\">\n\t\t\t\t\t\t<div class=\"elementor-container elementor-column-gap-no\">\n\t\t\t\t\t<div class=\"elementor-column elementor-col-100 elementor-top-column elementor-element elementor-element-7f7ee00\" data-id=\"7f7ee00\" data-element_type=\"column\">\n\t\t\t<div class=\"elementor-widget-wrap elementor-element-populated\">\n\t\t\t\t\t\t<div class=\"elementor-element elementor-element-21670da elementor-align-left elementor-widget elementor-widget-bdevs-Banner\" data-id=\"21670da\" data-element_type=\"widget\" data-widget_type=\"bdevs-Banner.default\">\n\t\t\t\t<div class=\"elementor-widget-container\">\n\t\t\t \n<section class=\"page-title-section\" style=\"background-image: url(https:\/\/shtheme.com\/demosd\/ziptech\/wp-content\/uploads\/2023\/04\/1.jpg);\">\n      <div class=\"container\">\n        <div class=\"row\">\n          <div class=\"col-xl-12\">\n            <div class=\"breadcrumb-area\">\n            \t              <h2 class=\"page-title\">Contact us<\/h2>\n                                          <ul class=\"breadcrumbs-link\">\n                <li><a href=\"https:\/\/www.securian.com.tr\/en\/\">Main<\/a><\/li>\n                \n                <li class=\"active\">Contact us<\/li>\n                \n              <\/ul>\n                          <\/div>\n          <\/div>\n        <\/div>\n      <\/div>\n    <\/section>\n\n\t\t\t<\/div>\n\t\t\t\t<\/div>\n\t\t\t\t\t<\/div>\n\t\t<\/div>\n\t\t\t\t\t<\/div>\n\t\t<\/section>\n\t\t\t\t<section class=\"elementor-section elementor-top-section elementor-element elementor-element-66bdf81 elementor-section-full_width elementor-section-height-default elementor-section-height-default\" data-id=\"66bdf81\" data-element_type=\"section\">\n\t\t\t\t\t\t<div class=\"elementor-container elementor-column-gap-no\">\n\t\t\t\t\t<div class=\"elementor-column elementor-col-100 elementor-top-column elementor-element elementor-element-5371b62\" data-id=\"5371b62\" data-element_type=\"column\">\n\t\t\t<div class=\"elementor-widget-wrap elementor-element-populated\">\n\t\t\t\t\t\t<div class=\"elementor-element elementor-element-bb99a52 elementor-align-left elementor-widget elementor-widget-bdevs-contact-us\" data-id=\"bb99a52\" data-element_type=\"widget\" data-widget_type=\"bdevs-contact-us.default\">\n\t\t\t\t<div class=\"elementor-widget-container\">\n\t\t\t \r\n<section class=\"contact-section bg-no-repeat bg-cover pdt-110 pdb-110\" data-background=\"https:\/\/shtheme.com\/demosd\/ziptech\/wp-content\/uploads\/2023\/05\/abs-bg6.png\" data-overlay-light=\"2\">\r\n      <div class=\"container\">\r\n        <div class=\"row mrb-80\">\r\n          <div class=\"col-xl-12\">\r\n            <div class=\"row\">\r\n            \t              <div class=\"col-lg-6 col-xl-4\">\r\n                <div class=\"contact-block d-flex mrb-30\">\r\n                  <div class=\"contact-icon\">\r\n                    <i class=\"base-icon-map\"><\/i>\r\n                  <\/div>\r\n                  <div class=\"contact-details mrl-30\">\r\n                    <h5 class=\"icon-box-title mrb-10\">Address<\/h5>\r\n                    <p class=\"mrb-0\">Mustafa Kemal Mh. 2138. Sk. No: 8\/13 \u00c7ankaya \/ Ankara<\/p>\r\n                  <\/div>\r\n                <\/div>\r\n              <\/div>\r\n                            <div class=\"col-lg-6 col-xl-4\">\r\n                <div class=\"contact-block d-flex mrb-30\">\r\n                  <div class=\"contact-icon\">\r\n                    <i class=\"base-icon-094-email-2\"><\/i>\r\n                  <\/div>\r\n                  <div class=\"contact-details mrl-30\">\r\n                    <h5 class=\"icon-box-title mrb-10\">E-Mail<\/h5>\r\n                    <p class=\"mrb-0\">info@securian.com.tr<\/p>\r\n                  <\/div>\r\n                <\/div>\r\n              <\/div>\r\n                            <div class=\"col-lg-6 col-xl-4\">\r\n                <div class=\"contact-block d-flex mrb-30\">\r\n                  <div class=\"contact-icon\">\r\n                    <i class=\"base-icon-phone-2\"><\/i>\r\n                  <\/div>\r\n                  <div class=\"contact-details mrl-30\">\r\n                    <h5 class=\"icon-box-title mrb-10\">Contact us<\/h5>\r\n                    <p class=\"mrb-0\">+96 223-528-8542<\/p>\r\n                  <\/div>\r\n                <\/div>\r\n              <\/div>\r\n                          <\/div>\r\n          <\/div>\r\n        <\/div>\r\n        <div class=\"row\">\r\n          <div class=\"col-xl-5\">\r\n          \t            <h5 class=\"side-line-left text-primary-color mrt-0 mrb-5\">IT Consultant<\/h5>\r\n                                    <h2 class=\"faq-title mrb-30\">Contact us now<\/h2>\r\n                        <ul class=\"social-list list-lg list-primary-color list-flat mrb-lg-60 clearfix\">\r\n            \t              <li>\r\n                <a href=\"https:\/\/www.facebook.com\/\"><i class=\"fab fa-facebook\"><\/i><\/a>\r\n              <\/li>\r\n                                                        <li>\r\n                <a href=\"https:\/\/www.instagram.com\/\"><i class=\"fab fa-instagram\"><\/i><\/a>\r\n              <\/li>\r\n                                          <li>\r\n                <a href=\"https:\/\/www.google.com\/\"><i class=\"fab fa-google-plus\"><\/i><\/a>\r\n              <\/li>\r\n                          <\/ul>\r\n          <\/div>\r\n          <div class=\"col-xl-7\">\r\n            <div class=\"contact-form\">\r\n              \n<div class=\"wpcf7 no-js\" id=\"wpcf7-f301-o1\" lang=\"en-US\" dir=\"ltr\">\n<div class=\"screen-reader-response\"><p role=\"status\" aria-live=\"polite\" aria-atomic=\"true\"><\/p> <ul><\/ul><\/div>\n<form action=\"\/en\/wp-json\/wp\/v2\/pages\/154#wpcf7-f301-o1\" method=\"post\" class=\"wpcf7-form init\" aria-label=\"Contact form\" novalidate=\"novalidate\" data-status=\"init\" data-trp-original-action=\"\/en\/wp-json\/wp\/v2\/pages\/154#wpcf7-f301-o1\">\n<div style=\"display: none;\">\n<input type=\"hidden\" name=\"_wpcf7\" value=\"301\" \/>\n<input type=\"hidden\" name=\"_wpcf7_version\" value=\"5.8.7\" \/>\n<input type=\"hidden\" name=\"_wpcf7_locale\" value=\"en_US\" \/>\n<input type=\"hidden\" name=\"_wpcf7_unit_tag\" value=\"wpcf7-f301-o1\" \/>\n<input type=\"hidden\" name=\"_wpcf7_container_post\" value=\"0\" \/>\n<input type=\"hidden\" name=\"_wpcf7_posted_data_hash\" value=\"\" \/>\n<\/div>\n<div>\n\t<div class=\"row\">\n\t\t<div class=\"col-lg-6\">\n\t\t\t<div class=\"form-group mrb-25\">\n\t\t\t\t<p><span class=\"wpcf7-form-control-wrap\" data-name=\"text-309\"><input size=\"40\" class=\"wpcf7-form-control wpcf7-text wpcf7-validates-as-required form-control\" aria-required=\"true\" aria-invalid=\"false\" placeholder=\"Your Name\" value=\"\" type=\"text\" name=\"text-309\" \/><\/span>\n\t\t\t\t<\/p>\n\t\t\t<\/div>\n\t\t<\/div>\n\t\t<div class=\"col-lg-6\">\n\t\t\t<div class=\"form-group mrb-25\">\n\t\t\t\t<p><span class=\"wpcf7-form-control-wrap\" data-name=\"text-355\"><input size=\"40\" class=\"wpcf7-form-control wpcf7-text wpcf7-validates-as-required form-control\" aria-required=\"true\" aria-invalid=\"false\" placeholder=\"Phone Number\" value=\"\" type=\"text\" name=\"text-355\" \/><\/span>\n\t\t\t\t<\/p>\n\t\t\t<\/div>\n\t\t<\/div>\n\t\t<div class=\"col-lg-12\">\n\t\t\t<div class=\"form-group mrb-25\">\n\t\t\t\t<p><span class=\"wpcf7-form-control-wrap\" data-name=\"email-464\"><input size=\"40\" class=\"wpcf7-form-control wpcf7-email wpcf7-validates-as-required wpcf7-text wpcf7-validates-as-email form-control\" aria-required=\"true\" aria-invalid=\"false\" placeholder=\"E-Mail\" value=\"\" type=\"email\" name=\"email-464\" \/><\/span>\n\t\t\t\t<\/p>\n\t\t\t<\/div>\n\t\t<\/div>\n\t\t<div class=\"col-lg-12\">\n\t\t\t<div class=\"form-group mrb-25\">\n\t\t\t\t<p><span class=\"wpcf7-form-control-wrap\" data-name=\"textarea-904\"><textarea cols=\"40\" rows=\"10\" class=\"wpcf7-form-control wpcf7-textarea wpcf7-validates-as-required form-control\" aria-required=\"true\" aria-invalid=\"false\" placeholder=\"Your Message\" name=\"textarea-904\"><\/textarea><\/span>\n\t\t\t\t<\/p>\n\t\t\t<\/div>\n\t\t<\/div>\n\t\t<div class=\"col-lg-8\">\n\t\t\t<div class=\"form-group\">\n\t\t\t\t<p><input class=\"wpcf7-form-control wpcf7-submit has-spinner animate-btn-style3 mrb-lg-60\" type=\"submit\" value=\"Submit Message\" \/>\n\t\t\t\t<\/p>\n\t\t\t<\/div>\n\t\t<\/div>\n\t<\/div>\n<\/div><div class=\"wpcf7-response-output\" aria-hidden=\"true\"><\/div>\n<input type=\"hidden\" name=\"trp-form-language\" value=\"en\"\/><\/form>\n<\/div>\n            <\/div>\r\n          <\/div>\r\n        <\/div>\r\n      <\/div>\r\n    <\/section>\r\n    <!-- Contact Section End -->\r\n    <!-- Google Map Section Start -->\r\n        <section class=\"google-map-section\">\r\n      <!-- Google Map Start -->\r\n      <div class=\"mapouter fixed-height\">\r\n        <div class=\"gmap_canvas\">\r\n          <iframe id=\"gmap_canvas\" src=\"https:\/\/www.google.com\/maps\/embed?pb=!1m18!1m12!1m3!1d3060.1441297241736!2d32.77035448095092!3d39.915790657786296!2m3!1f0!2f0!3f0!3m2!1i1024!2i768!4f13.1!3m3!1m2!1s0x14d348838c7f0673%3A0x9e679f3a019b4cc!2sMustafa%20Kemal%2C%202138.%20Sk.%20NO%3A%208%20D%3A13%2C%2006530%20%C3%87ankaya%2FAnkara!5e0!3m2!1str!2str!4v1707145843933!5m2!1str!2str\"><\/iframe>\r\n          <a href=\"https:\/\/www.whatismyip-address.com\"><\/a>\r\n        <\/div>\r\n      <\/div>\r\n      <!-- Google Map End -->\r\n    <\/section>\r\n    \t\t\t<\/div>\n\t\t\t\t<\/div>\n\t\t\t\t\t<\/div>\n\t\t<\/div>\n\t\t\t\t\t<\/div>\n\t\t<\/section>\n\t\t\t\t<\/div>","protected":false},"excerpt":{"rendered":"<p>\u0130leti\u015fim Anasayfa \u0130leti\u015fim Adres Mustafa Kemal Mh. 2138. Sk. No: 8\/13 \u00c7ankaya \/ Ankara E-Posta info@securian.com.tr \u0130leti\u015fim +96 223-528-8542 Bili\u015fim ve Teknoloji Dan\u0131\u015fmanl\u0131\u011f\u0131 Bizimle \u0130leti\u015fime Ge\u00e7ebilirsiniz.<\/p>","protected":false},"author":1,"featured_media":0,"parent":0,"menu_order":0,"comment_status":"closed","ping_status":"closed","template":"page-templates\/home.php","meta":{"inline_featured_image":false,"footnotes":""},"class_list":["post-154","page","type-page","status-publish","hentry"],"_links":{"self":[{"href":"https:\/\/www.securian.com.tr\/en\/wp-json\/wp\/v2\/pages\/154","targetHints":{"allow":["GET"]}}],"collection":[{"href":"https:\/\/www.securian.com.tr\/en\/wp-json\/wp\/v2\/pages"}],"about":[{"href":"https:\/\/www.securian.com.tr\/en\/wp-json\/wp\/v2\/types\/page"}],"author":[{"embeddable":true,"href":"https:\/\/www.securian.com.tr\/en\/wp-json\/wp\/v2\/users\/1"}],"replies":[{"embeddable":true,"href":"https:\/\/www.securian.com.tr\/en\/wp-json\/wp\/v2\/comments?post=154"}],"version-history":[{"count":19,"href":"https:\/\/www.securian.com.tr\/en\/wp-json\/wp\/v2\/pages\/154\/revisions"}],"predecessor-version":[{"id":1361,"href":"https:\/\/www.securian.com.tr\/en\/wp-json\/wp\/v2\/pages\/154\/revisions\/1361"}],"wp:attachment":[{"href":"https:\/\/www.securian.com.tr\/en\/wp-json\/wp\/v2\/media?parent=154"}],"curies":[{"name":"wp","href":"https:\/\/api.w.org\/{rel}","templated":true}]}}