{"id":148,"date":"2023-03-21T07:54:58","date_gmt":"2023-03-21T07:54:58","guid":{"rendered":"https:\/\/shtheme.com\/demosd\/ziptech\/?page_id=148"},"modified":"2024-02-06T14:32:28","modified_gmt":"2024-02-06T14:32:28","slug":"tum-hizmetlerimiz","status":"publish","type":"page","link":"https:\/\/www.securian.com.tr\/en\/tum-hizmetlerimiz\/","title":{"rendered":"Our Services"},"content":{"rendered":"<div data-elementor-type=\"wp-page\" data-elementor-id=\"148\" class=\"elementor elementor-148\">\n\t\t\t\t\t\t<section class=\"elementor-section elementor-top-section elementor-element elementor-element-053efc0 elementor-section-full_width elementor-section-height-default elementor-section-height-default\" data-id=\"053efc0\" data-element_type=\"section\">\n\t\t\t\t\t\t<div class=\"elementor-container elementor-column-gap-no\">\n\t\t\t\t\t<div class=\"elementor-column elementor-col-100 elementor-top-column elementor-element elementor-element-7e6d64f\" data-id=\"7e6d64f\" data-element_type=\"column\">\n\t\t\t<div class=\"elementor-widget-wrap elementor-element-populated\">\n\t\t\t\t\t\t<div class=\"elementor-element elementor-element-230730b elementor-align-left elementor-widget elementor-widget-bdevs-Banner\" data-id=\"230730b\" data-element_type=\"widget\" data-widget_type=\"bdevs-Banner.default\">\n\t\t\t\t<div class=\"elementor-widget-container\">\n\t\t\t \n<section class=\"page-title-section\" style=\"background-image: url(https:\/\/shtheme.com\/demosd\/ziptech\/wp-content\/uploads\/2023\/04\/1.jpg);\">\n      <div class=\"container\">\n        <div class=\"row\">\n          <div class=\"col-xl-12\">\n            <div class=\"breadcrumb-area\">\n            \t              <h2 class=\"page-title\">Our Services<\/h2>\n                                          <ul class=\"breadcrumbs-link\">\n                <li><a href=\"https:\/\/www.securian.com.tr\/en\/\">Main<\/a><\/li>\n                \n                <li class=\"active\">Our Services<\/li>\n                \n              <\/ul>\n                          <\/div>\n          <\/div>\n        <\/div>\n      <\/div>\n    <\/section>\n\n\t\t\t<\/div>\n\t\t\t\t<\/div>\n\t\t\t\t\t<\/div>\n\t\t<\/div>\n\t\t\t\t\t<\/div>\n\t\t<\/section>\n\t\t\t\t<section class=\"elementor-section elementor-top-section elementor-element elementor-element-fe4878e elementor-section-full_width elementor-section-height-default elementor-section-height-default\" data-id=\"fe4878e\" data-element_type=\"section\">\n\t\t\t\t\t\t<div class=\"elementor-container elementor-column-gap-no\">\n\t\t\t\t\t<div class=\"elementor-column elementor-col-100 elementor-top-column elementor-element elementor-element-485ea03\" data-id=\"485ea03\" data-element_type=\"column\">\n\t\t\t<div class=\"elementor-widget-wrap elementor-element-populated\">\n\t\t\t\t\t\t<div class=\"elementor-element elementor-element-10cb8f4 elementor-align-left elementor-widget elementor-widget-bdevs-services\" data-id=\"10cb8f4\" data-element_type=\"widget\" data-widget_type=\"bdevs-services.default\">\n\t\t\t\t<div class=\"elementor-widget-container\">\n\t\t\t \r\n<section class=\"service-section-style1 pdt-110 pdb-110\">\r\n  <div class=\"section-title text-center wow fadeInUp\" data-wow-delay=\"0ms\" data-wow-duration=\"1500ms\">\r\n    <div class=\"container\">\r\n      <div class=\"row\">\r\n        <div class=\"col\"><\/div>\r\n        <div class=\"col-md-12 col-lg-10 col-xl-6\">\r\n          \t<div class=\"title-box-center\">\r\n\t          \t\t            \t                      \t<\/div>\r\n        <\/div>\r\n        <div class=\"col\"><\/div>\r\n      <\/div>\r\n    <\/div>\r\n  <\/div>\r\n  <div class=\"section-content\">\r\n    <div class=\"container\">\r\n      <div class=\"row\">\r\n      \t \r\n\t    \t            <div class=\"col-md-6 col-lg-6 col-xl-4 service-wrapper\">\r\n          <div class=\"service-style1\">\r\n            <div class=\"thumb\">\r\n              <img decoding=\"async\" src=\"https:\/\/www.securian.com.tr\/wp-content\/uploads\/2023\/03\/pexels-field-engineer-442150-1.jpg\" alt=\"Ziptech\" \/>\r\n              <div class=\"visible_title_area\">\r\n                <div class=\"icon\">\r\n                  <i class=\"webextheme-icon-chip\"><\/i>\r\n                <\/div>\r\n                <h4 class=\"title\"><a href=\"https:\/\/www.securian.com.tr\/en\/services\/veri-merkezi\/\"> Data Center<\/a><\/h4>\r\n              <\/div>\r\n              <div class=\"overlay text-center\">\r\n                <div class=\"content\">\r\n                  <i class=\"webextheme-icon-chip\"><\/i>\r\n                  <h4 class=\"title\"><a href=\"https:\/\/www.securian.com.tr\/en\/services\/veri-merkezi\/\">Data Center<\/a><\/h4>\r\n                  <p class=\"description\">                            \u00a0Veri Merkezi\u00a0Kamu kurumlar\u0131, i\u015fletmeler ve kar amac\u0131 g\u00fctmeyen m\u00fc\u015fteriler i\u00e7in hiper \u00f6l\u00e7ekli veri merkezleri,...                            <\/p>\r\n                <\/div>\r\n              <\/div>\r\n            <\/div>\r\n          <\/div>\r\n        <\/div>\r\n         \r\n\t    \t            <div class=\"col-md-6 col-lg-6 col-xl-4 service-wrapper\">\r\n          <div class=\"service-style1\">\r\n            <div class=\"thumb\">\r\n              <img decoding=\"async\" src=\"https:\/\/www.securian.com.tr\/wp-content\/uploads\/2023\/03\/pexels-josh-sorenson-1714203.jpg\" alt=\"Ziptech\" \/>\r\n              <div class=\"visible_title_area\">\r\n                <div class=\"icon\">\r\n                  <i class=\"webextheme-icon-006-seo\"><\/i>\r\n                <\/div>\r\n                <h4 class=\"title\"><a href=\"https:\/\/www.securian.com.tr\/en\/services\/profesyonel-hizmetler\/\"> IT Consultant<\/a><\/h4>\r\n              <\/div>\r\n              <div class=\"overlay text-center\">\r\n                <div class=\"content\">\r\n                  <i class=\"webextheme-icon-006-seo\"><\/i>\r\n                  <h4 class=\"title\"><a href=\"https:\/\/www.securian.com.tr\/en\/services\/profesyonel-hizmetler\/\">IT Consultant<\/a><\/h4>\r\n                  <p class=\"description\">                            \u00a0Profesyonel Hizmetler\u00a0Bilgi teknolojisi (BT) hizmetleri, kurulu\u015flar taraf\u0131ndan di\u011fer i\u015f i\u015flevlerine yard\u0131mc\u0131 olman\u0131n yan\u0131 s\u0131ra...                            <\/p>\r\n                <\/div>\r\n              <\/div>\r\n            <\/div>\r\n          <\/div>\r\n        <\/div>\r\n         \r\n\t    \t            <div class=\"col-md-6 col-lg-6 col-xl-4 service-wrapper\">\r\n          <div class=\"service-style1\">\r\n            <div class=\"thumb\">\r\n              <img decoding=\"async\" src=\"https:\/\/www.securian.com.tr\/wp-content\/uploads\/2023\/03\/pexels-kelvin-valerio-544900.jpg\" alt=\"Ziptech\" \/>\r\n              <div class=\"visible_title_area\">\r\n                <div class=\"icon\">\r\n                  <i class=\"webextheme-icon-web-design\"><\/i>\r\n                <\/div>\r\n                <h4 class=\"title\"><a href=\"https:\/\/www.securian.com.tr\/en\/services\/mobil-cozumler\/\"> Mobil Solutions<\/a><\/h4>\r\n              <\/div>\r\n              <div class=\"overlay text-center\">\r\n                <div class=\"content\">\r\n                  <i class=\"webextheme-icon-web-design\"><\/i>\r\n                  <h4 class=\"title\"><a href=\"https:\/\/www.securian.com.tr\/en\/services\/mobil-cozumler\/\">Mobil Solutions<\/a><\/h4>\r\n                  <p class=\"description\">                            \u00a0Mobil \u00c7\u00f6z\u00fcmler\u00a0Securian, i\u015fletmelerin mobil uygulamalar\u0131n t\u00fcm potansiyelinden yararlanmas\u0131na yard\u0131mc\u0131 olmay\u0131 hedeflemi\u015ftir.\u00a0\u0130ster m\u00fc\u015fteri taban\u0131n\u0131z\u0131 art\u0131rmak,...                            <\/p>\r\n                <\/div>\r\n              <\/div>\r\n            <\/div>\r\n          <\/div>\r\n        <\/div>\r\n         \r\n\t    \t            <div class=\"col-md-6 col-lg-6 col-xl-4 service-wrapper\">\r\n          <div class=\"service-style1\">\r\n            <div class=\"thumb\">\r\n              <img decoding=\"async\" src=\"https:\/\/www.securian.com.tr\/wp-content\/uploads\/2023\/03\/pexels-pixabay-265087.jpg\" alt=\"Ziptech\" \/>\r\n              <div class=\"visible_title_area\">\r\n                <div class=\"icon\">\r\n                  <i class=\"webextheme-icon-006-seo\"><\/i>\r\n                <\/div>\r\n                <h4 class=\"title\"><a href=\"https:\/\/www.securian.com.tr\/en\/services\/dijital-donusum\/\"> Digital Transformation<\/a><\/h4>\r\n              <\/div>\r\n              <div class=\"overlay text-center\">\r\n                <div class=\"content\">\r\n                  <i class=\"webextheme-icon-006-seo\"><\/i>\r\n                  <h4 class=\"title\"><a href=\"https:\/\/www.securian.com.tr\/en\/services\/dijital-donusum\/\">Digital Transformation<\/a><\/h4>\r\n                  <p class=\"description\">                            \u00a0Dijital D\u00f6n\u00fc\u015f\u00fcm\u00a0Dijital d\u00f6n\u00fc\u015f\u00fcm\u00fcn, hedefi, teknolojiyi s\u00fcrekli olarak geni\u015f \u00f6l\u00e7ekte da\u011f\u0131tarak rekabet avantaj\u0131 olu\u015fturmak olmal\u0131d\u0131r....                            <\/p>\r\n                <\/div>\r\n              <\/div>\r\n            <\/div>\r\n          <\/div>\r\n        <\/div>\r\n         \r\n\t    \t            <div class=\"col-md-6 col-lg-6 col-xl-4 service-wrapper\">\r\n          <div class=\"service-style1\">\r\n            <div class=\"thumb\">\r\n              <img decoding=\"async\" src=\"https:\/\/www.securian.com.tr\/wp-content\/uploads\/2023\/03\/pexels-thisisengineering-3861972.jpg\" alt=\"Ziptech\" \/>\r\n              <div class=\"visible_title_area\">\r\n                <div class=\"icon\">\r\n                  <i class=\"webextheme-icon-web-design\"><\/i>\r\n                <\/div>\r\n                <h4 class=\"title\"><a href=\"https:\/\/www.securian.com.tr\/en\/services\/sanallastirma\/\"> Virtual Management<\/a><\/h4>\r\n              <\/div>\r\n              <div class=\"overlay text-center\">\r\n                <div class=\"content\">\r\n                  <i class=\"webextheme-icon-web-design\"><\/i>\r\n                  <h4 class=\"title\"><a href=\"https:\/\/www.securian.com.tr\/en\/services\/sanallastirma\/\">Virtual Management<\/a><\/h4>\r\n                  <p class=\"description\">                            Sanalla\u015ft\u0131rmaSanalla\u015ft\u0131rma, sunucu, i\u015fletim sistemi, depolama ayg\u0131t\u0131 veya a\u011f gibi fiziksel bir kayna\u011f\u0131n sanal s\u00fcr\u00fcm\u00fcn\u00fc...                            <\/p>\r\n                <\/div>\r\n              <\/div>\r\n            <\/div>\r\n          <\/div>\r\n        <\/div>\r\n         \r\n\t    \t            <div class=\"col-md-6 col-lg-6 col-xl-4 service-wrapper\">\r\n          <div class=\"service-style1\">\r\n            <div class=\"thumb\">\r\n              <img decoding=\"async\" src=\"https:\/\/www.securian.com.tr\/wp-content\/uploads\/2023\/03\/pexels-tara-winstead-8386440.jpg\" alt=\"Ziptech\" \/>\r\n              <div class=\"visible_title_area\">\r\n                <div class=\"icon\">\r\n                  <i class=\"webextheme-icon-chip\"><\/i>\r\n                <\/div>\r\n                <h4 class=\"title\"><a href=\"https:\/\/www.securian.com.tr\/en\/services\/bulut-teknolojileri\/\"> Cloud Systems<\/a><\/h4>\r\n              <\/div>\r\n              <div class=\"overlay text-center\">\r\n                <div class=\"content\">\r\n                  <i class=\"webextheme-icon-chip\"><\/i>\r\n                  <h4 class=\"title\"><a href=\"https:\/\/www.securian.com.tr\/en\/services\/bulut-teknolojileri\/\">Cloud Systems<\/a><\/h4>\r\n                  <p class=\"description\">                            \u00a0Bulut Teknolojileri\u00a0Mevcut bulut \u00e7\u00f6z\u00fcmleri, bulut veri merkezi da\u011f\u0131t\u0131m\u0131n\u0131, i\u015fletimini ve s\u00fcrekli performans\u0131n\u0131 desteklemek i\u00e7in...                            <\/p>\r\n                <\/div>\r\n              <\/div>\r\n            <\/div>\r\n          <\/div>\r\n        <\/div>\r\n              <\/div>\r\n          <\/div>\r\n  <\/div>\r\n<\/section>\r\n\t\t\t<\/div>\n\t\t\t\t<\/div>\n\t\t\t\t\t<\/div>\n\t\t<\/div>\n\t\t\t\t\t<\/div>\n\t\t<\/section>\n\t\t\t\t<\/div>","protected":false},"excerpt":{"rendered":"<p>Hizmetlerimiz Anasayfa Hizmetlerimiz Veri Merkezi Veri Merkezi Veri MerkeziKamu kurumlar\u0131, i\u015fletmeler ve kar amac\u0131 g\u00fctmeyen m\u00fc\u015fteriler i\u00e7in hiper \u00f6l\u00e7ekli veri merkezleri,&#8230; Profesyonel Hizmetler Profesyonel Hizmetler Profesyonel HizmetlerBilgi teknolojisi (BT) hizmetleri, kurulu\u015flar taraf\u0131ndan di\u011fer i\u015f i\u015flevlerine yard\u0131mc\u0131 olman\u0131n yan\u0131 s\u0131ra&#8230; Mobil \u00c7\u00f6z\u00fcmler Mobil \u00c7\u00f6z\u00fcmler Mobil \u00c7\u00f6z\u00fcmlerSecurian, i\u015fletmelerin mobil uygulamalar\u0131n t\u00fcm potansiyelinden yararlanmas\u0131na yard\u0131mc\u0131 olmay\u0131 hedeflemi\u015ftir.\u00a0\u0130ster m\u00fc\u015fteri [&hellip;]<\/p>","protected":false},"author":1,"featured_media":0,"parent":0,"menu_order":0,"comment_status":"closed","ping_status":"closed","template":"page-templates\/home.php","meta":{"inline_featured_image":false,"footnotes":""},"class_list":["post-148","page","type-page","status-publish","hentry"],"_links":{"self":[{"href":"https:\/\/www.securian.com.tr\/en\/wp-json\/wp\/v2\/pages\/148","targetHints":{"allow":["GET"]}}],"collection":[{"href":"https:\/\/www.securian.com.tr\/en\/wp-json\/wp\/v2\/pages"}],"about":[{"href":"https:\/\/www.securian.com.tr\/en\/wp-json\/wp\/v2\/types\/page"}],"author":[{"embeddable":true,"href":"https:\/\/www.securian.com.tr\/en\/wp-json\/wp\/v2\/users\/1"}],"replies":[{"embeddable":true,"href":"https:\/\/www.securian.com.tr\/en\/wp-json\/wp\/v2\/comments?post=148"}],"version-history":[{"count":5,"href":"https:\/\/www.securian.com.tr\/en\/wp-json\/wp\/v2\/pages\/148\/revisions"}],"predecessor-version":[{"id":1355,"href":"https:\/\/www.securian.com.tr\/en\/wp-json\/wp\/v2\/pages\/148\/revisions\/1355"}],"wp:attachment":[{"href":"https:\/\/www.securian.com.tr\/en\/wp-json\/wp\/v2\/media?parent=148"}],"curies":[{"name":"wp","href":"https:\/\/api.w.org\/{rel}","templated":true}]}}