{"id":1452,"date":"2024-02-07T14:35:20","date_gmt":"2024-02-07T14:35:20","guid":{"rendered":"https:\/\/www.securian.com.tr\/?page_id=1452"},"modified":"2024-02-12T07:27:50","modified_gmt":"2024-02-12T07:27:50","slug":"misyon","status":"publish","type":"page","link":"https:\/\/www.securian.com.tr\/en\/misyon\/","title":{"rendered":"Mission"},"content":{"rendered":"<div data-elementor-type=\"wp-page\" data-elementor-id=\"1452\" class=\"elementor elementor-1452\">\n\t\t\t\t\t\t<section class=\"elementor-section elementor-top-section elementor-element elementor-element-be96f4f elementor-section-boxed elementor-section-height-default elementor-section-height-default\" data-id=\"be96f4f\" data-element_type=\"section\">\n\t\t\t\t\t\t<div class=\"elementor-container elementor-column-gap-default\">\n\t\t\t\t\t<div class=\"elementor-column elementor-col-100 elementor-top-column elementor-element elementor-element-8686f3f\" data-id=\"8686f3f\" data-element_type=\"column\">\n\t\t\t<div class=\"elementor-widget-wrap elementor-element-populated\">\n\t\t\t\t\t\t<div class=\"elementor-element elementor-element-2a93d23 elementor-widget elementor-widget-image\" data-id=\"2a93d23\" data-element_type=\"widget\" data-widget_type=\"image.default\">\n\t\t\t\t<div class=\"elementor-widget-container\">\n\t\t\t<style>\/*! elementor - v3.19.0 - 05-02-2024 *\/\n.elementor-widget-image{text-align:center}.elementor-widget-image a{display:inline-block}.elementor-widget-image a img[src$=\".svg\"]{width:48px}.elementor-widget-image img{vertical-align:middle;display:inline-block}<\/style>\t\t\t\t\t\t\t\t\t\t<img decoding=\"async\" width=\"300\" height=\"81\" src=\"https:\/\/www.securian.com.tr\/wp-content\/uploads\/2024\/01\/securian-300x81.png\" class=\"attachment-medium size-medium wp-image-1183\" alt=\"\" srcset=\"https:\/\/www.securian.com.tr\/wp-content\/uploads\/2024\/01\/securian-300x81.png 300w, https:\/\/www.securian.com.tr\/wp-content\/uploads\/2024\/01\/securian-1024x276.png 1024w, https:\/\/www.securian.com.tr\/wp-content\/uploads\/2024\/01\/securian-768x207.png 768w, https:\/\/www.securian.com.tr\/wp-content\/uploads\/2024\/01\/securian-1536x414.png 1536w, https:\/\/www.securian.com.tr\/wp-content\/uploads\/2024\/01\/securian-2048x552.png 2048w\" sizes=\"(max-width: 300px) 100vw, 300px\" \/>\t\t\t\t\t\t\t\t\t\t\t\t\t<\/div>\n\t\t\t\t<\/div>\n\t\t\t\t\t<\/div>\n\t\t<\/div>\n\t\t\t\t\t<\/div>\n\t\t<\/section>\n\t\t\t\t<section class=\"elementor-section elementor-top-section elementor-element elementor-element-9452c63 elementor-section-boxed elementor-section-height-default elementor-section-height-default\" data-id=\"9452c63\" data-element_type=\"section\">\n\t\t\t\t\t\t<div class=\"elementor-container elementor-column-gap-default\">\n\t\t\t\t\t<div class=\"elementor-column elementor-col-100 elementor-top-column elementor-element elementor-element-48be88ab\" data-id=\"48be88ab\" data-element_type=\"column\">\n\t\t\t<div class=\"elementor-widget-wrap elementor-element-populated\">\n\t\t\t\t\t\t<div class=\"elementor-element elementor-element-1123fe02 elementor-widget elementor-widget-text-editor\" data-id=\"1123fe02\" data-element_type=\"widget\" data-widget_type=\"text-editor.default\">\n\t\t\t\t<div class=\"elementor-widget-container\">\n\t\t\t<style>\/*! elementor - v3.19.0 - 05-02-2024 *\/\n.elementor-widget-text-editor.elementor-drop-cap-view-stacked .elementor-drop-cap{background-color:#69727d;color:#fff}.elementor-widget-text-editor.elementor-drop-cap-view-framed .elementor-drop-cap{color:#69727d;border:3px solid;background-color:transparent}.elementor-widget-text-editor:not(.elementor-drop-cap-view-default) .elementor-drop-cap{margin-top:8px}.elementor-widget-text-editor:not(.elementor-drop-cap-view-default) .elementor-drop-cap-letter{width:1em;height:1em}.elementor-widget-text-editor .elementor-drop-cap{float:left;text-align:center;line-height:1;font-size:50px}.elementor-widget-text-editor .elementor-drop-cap-letter{display:inline-block}<\/style>\t\t\t\t<p style=\"text-align: center;\">\u00a0<\/p><p style=\"text-align: center;\"><strong>Mission<\/strong><\/p><p style=\"text-align: center;\" class=\" translation-block\">At Securian, our mission is to empower businesses to achieve technological success. We are committed to delivering innovative IT<br>solutions tailored to their unique challenges. We strive to build lasting partnerships with our customers through personalized services, expert guidance and cutting-edge technology. Our mission is to be their<br>trusted ally, helping them navigate the ever-evolving technological landscape and turn their<br>visions into reality.<\/p><p style=\"text-align: center;\"><strong>Securian.com.tr 2024<\/strong><\/p>\t\t\t\t\t\t<\/div>\n\t\t\t\t<\/div>\n\t\t\t\t\t<\/div>\n\t\t<\/div>\n\t\t\t\t\t<\/div>\n\t\t<\/section>\n\t\t\t\t<\/div>","protected":false},"excerpt":{"rendered":"<p>Misyon Securian olarak misyonumuz, i\u015fletmeleri teknolojik ba\u015far\u0131ya ula\u015fmalar\u0131 i\u00e7in g\u00fc\u00e7lendirmektir.\u00a0Kendimizi, onlar\u0131n benzersiz zorluklar\u0131na g\u00f6re uyarlanm\u0131\u015f yenilik\u00e7i BT \u00e7\u00f6z\u00fcmleri sunmaya adad\u0131k.\u00a0Ki\u015fiselle\u015ftirilmi\u015f hizmetler, uzman rehberli\u011fi ve en son teknoloji sayesinde m\u00fc\u015fterilerimizle kal\u0131c\u0131 ortakl\u0131klar kurmaya \u00e7al\u0131\u015f\u0131yoruz.\u00a0Misyonumuz, onlar\u0131n g\u00fcvenilir m\u00fcttefiki olmak, s\u00fcrekli geli\u015fen teknolojik ortamda gezinmelerine ve vizyonlar\u0131n\u0131 ger\u00e7e\u011fe d\u00f6n\u00fc\u015ft\u00fcrmelerine yard\u0131mc\u0131 olmakt\u0131r. Securian.com.tr 2024<\/p>","protected":false},"author":1,"featured_media":0,"parent":0,"menu_order":0,"comment_status":"closed","ping_status":"closed","template":"","meta":{"inline_featured_image":false,"footnotes":""},"class_list":["post-1452","page","type-page","status-publish","hentry"],"_links":{"self":[{"href":"https:\/\/www.securian.com.tr\/en\/wp-json\/wp\/v2\/pages\/1452","targetHints":{"allow":["GET"]}}],"collection":[{"href":"https:\/\/www.securian.com.tr\/en\/wp-json\/wp\/v2\/pages"}],"about":[{"href":"https:\/\/www.securian.com.tr\/en\/wp-json\/wp\/v2\/types\/page"}],"author":[{"embeddable":true,"href":"https:\/\/www.securian.com.tr\/en\/wp-json\/wp\/v2\/users\/1"}],"replies":[{"embeddable":true,"href":"https:\/\/www.securian.com.tr\/en\/wp-json\/wp\/v2\/comments?post=1452"}],"version-history":[{"count":15,"href":"https:\/\/www.securian.com.tr\/en\/wp-json\/wp\/v2\/pages\/1452\/revisions"}],"predecessor-version":[{"id":1626,"href":"https:\/\/www.securian.com.tr\/en\/wp-json\/wp\/v2\/pages\/1452\/revisions\/1626"}],"wp:attachment":[{"href":"https:\/\/www.securian.com.tr\/en\/wp-json\/wp\/v2\/media?parent=1452"}],"curies":[{"name":"wp","href":"https:\/\/api.w.org\/{rel}","templated":true}]}}