{"id":135,"date":"2023-03-21T07:36:37","date_gmt":"2023-03-21T07:36:37","guid":{"rendered":"https:\/\/shtheme.com\/demosd\/ziptech\/?page_id=135"},"modified":"2024-02-10T07:43:33","modified_gmt":"2024-02-10T07:43:33","slug":"hakkimizda","status":"publish","type":"page","link":"https:\/\/www.securian.com.tr\/en\/hakkimizda\/","title":{"rendered":"About us"},"content":{"rendered":"<div data-elementor-type=\"wp-page\" data-elementor-id=\"135\" class=\"elementor elementor-135\">\n\t\t\t\t\t\t<section class=\"elementor-section elementor-top-section elementor-element elementor-element-6cf846c elementor-section-full_width elementor-section-height-default elementor-section-height-default\" data-id=\"6cf846c\" data-element_type=\"section\">\n\t\t\t\t\t\t<div class=\"elementor-container elementor-column-gap-no\">\n\t\t\t\t\t<div class=\"elementor-column elementor-col-100 elementor-top-column elementor-element elementor-element-1eadc9f\" data-id=\"1eadc9f\" data-element_type=\"column\">\n\t\t\t<div class=\"elementor-widget-wrap elementor-element-populated\">\n\t\t\t\t\t\t<div class=\"elementor-element elementor-element-fa0a5d1 elementor-align-left elementor-widget elementor-widget-bdevs-Banner\" data-id=\"fa0a5d1\" data-element_type=\"widget\" data-widget_type=\"bdevs-Banner.default\">\n\t\t\t\t<div class=\"elementor-widget-container\">\n\t\t\t \n<section class=\"page-title-section\" style=\"background-image: url(https:\/\/shtheme.com\/demosd\/ziptech\/wp-content\/uploads\/2023\/04\/1.jpg);\">\n      <div class=\"container\">\n        <div class=\"row\">\n          <div class=\"col-xl-12\">\n            <div class=\"breadcrumb-area\">\n            \t              <h2 class=\"page-title\">About us<\/h2>\n                                          <ul class=\"breadcrumbs-link\">\n                <li><a href=\"https:\/\/www.securian.com.tr\/en\/\">Main<\/a><\/li>\n                \n                <li class=\"active\">About us<\/li>\n                \n              <\/ul>\n                          <\/div>\n          <\/div>\n        <\/div>\n      <\/div>\n    <\/section>\n\n\t\t\t<\/div>\n\t\t\t\t<\/div>\n\t\t\t\t\t<\/div>\n\t\t<\/div>\n\t\t\t\t\t<\/div>\n\t\t<\/section>\n\t\t\t\t<section class=\"elementor-section elementor-top-section elementor-element elementor-element-66c4f0a elementor-section-boxed elementor-section-height-default elementor-section-height-default\" data-id=\"66c4f0a\" data-element_type=\"section\">\n\t\t\t\t\t\t<div class=\"elementor-container elementor-column-gap-default\">\n\t\t\t\t\t<div class=\"elementor-column elementor-col-100 elementor-top-column elementor-element elementor-element-f2d73e3\" data-id=\"f2d73e3\" data-element_type=\"column\">\n\t\t\t<div class=\"elementor-widget-wrap elementor-element-populated\">\n\t\t\t\t\t\t<div class=\"elementor-element elementor-element-0769fee elementor-widget elementor-widget-spacer\" data-id=\"0769fee\" data-element_type=\"widget\" data-widget_type=\"spacer.default\">\n\t\t\t\t<div class=\"elementor-widget-container\">\n\t\t\t<style>\/*! elementor - v3.19.0 - 05-02-2024 *\/\n.elementor-column .elementor-spacer-inner{height:var(--spacer-size)}.e-con{--container-widget-width:100%}.e-con-inner>.elementor-widget-spacer,.e-con>.elementor-widget-spacer{width:var(--container-widget-width,var(--spacer-size));--align-self:var(--container-widget-align-self,initial);--flex-shrink:0}.e-con-inner>.elementor-widget-spacer>.elementor-widget-container,.e-con>.elementor-widget-spacer>.elementor-widget-container{height:100%;width:100%}.e-con-inner>.elementor-widget-spacer>.elementor-widget-container>.elementor-spacer,.e-con>.elementor-widget-spacer>.elementor-widget-container>.elementor-spacer{height:100%}.e-con-inner>.elementor-widget-spacer>.elementor-widget-container>.elementor-spacer>.elementor-spacer-inner,.e-con>.elementor-widget-spacer>.elementor-widget-container>.elementor-spacer>.elementor-spacer-inner{height:var(--container-widget-height,var(--spacer-size))}.e-con-inner>.elementor-widget-spacer.elementor-widget-empty,.e-con>.elementor-widget-spacer.elementor-widget-empty{position:relative;min-height:22px;min-width:22px}.e-con-inner>.elementor-widget-spacer.elementor-widget-empty .elementor-widget-empty-icon,.e-con>.elementor-widget-spacer.elementor-widget-empty .elementor-widget-empty-icon{position:absolute;top:0;bottom:0;left:0;right:0;margin:auto;padding:0;width:22px;height:22px}<\/style>\t\t<div class=\"elementor-spacer\">\n\t\t\t<div class=\"elementor-spacer-inner\"><\/div>\n\t\t<\/div>\n\t\t\t\t<\/div>\n\t\t\t\t<\/div>\n\t\t\t\t<div class=\"elementor-element elementor-element-3f96c83 elementor-widget elementor-widget-heading\" data-id=\"3f96c83\" data-element_type=\"widget\" data-widget_type=\"heading.default\">\n\t\t\t\t<div class=\"elementor-widget-container\">\n\t\t\t<style>\/*! elementor - v3.19.0 - 05-02-2024 *\/\n.elementor-heading-title{padding:0;margin:0;line-height:1}.elementor-widget-heading .elementor-heading-title[class*=elementor-size-]>a{color:inherit;font-size:inherit;line-height:inherit}.elementor-widget-heading .elementor-heading-title.elementor-size-small{font-size:15px}.elementor-widget-heading .elementor-heading-title.elementor-size-medium{font-size:19px}.elementor-widget-heading .elementor-heading-title.elementor-size-large{font-size:29px}.elementor-widget-heading .elementor-heading-title.elementor-size-xl{font-size:39px}.elementor-widget-heading .elementor-heading-title.elementor-size-xxl{font-size:59px}<\/style><h3 class=\"elementor-heading-title elementor-size-default\">Innovative Solutions in Technology<\/h3>\t\t<\/div>\n\t\t\t\t<\/div>\n\t\t\t\t<div class=\"elementor-element elementor-element-2399456 elementor-widget elementor-widget-text-editor\" data-id=\"2399456\" data-element_type=\"widget\" data-widget_type=\"text-editor.default\">\n\t\t\t\t<div class=\"elementor-widget-container\">\n\t\t\t<style>\/*! elementor - v3.19.0 - 05-02-2024 *\/\n.elementor-widget-text-editor.elementor-drop-cap-view-stacked .elementor-drop-cap{background-color:#69727d;color:#fff}.elementor-widget-text-editor.elementor-drop-cap-view-framed .elementor-drop-cap{color:#69727d;border:3px solid;background-color:transparent}.elementor-widget-text-editor:not(.elementor-drop-cap-view-default) .elementor-drop-cap{margin-top:8px}.elementor-widget-text-editor:not(.elementor-drop-cap-view-default) .elementor-drop-cap-letter{width:1em;height:1em}.elementor-widget-text-editor .elementor-drop-cap{float:left;text-align:center;line-height:1;font-size:50px}.elementor-widget-text-editor .elementor-drop-cap-letter{display:inline-block}<\/style>\t\t\t\t<h2>Securian: Pioneer of Security and Digital Transformation through Innovation<br \/><br \/><\/h2><p>In the rapidly developing world of the digital age, technology shapes our lives in every field and creates new opportunities for businesses. Making the most of these opportunities and ensuring security at the same time should be the primary goal of every business. This is where an IT company like Securian, specialized in security, cloud technologies, professional services, data center management, virtualization and digital transformation, comes into play.<\/p><h3>Expertise in Security<br \/><br \/><\/h3><p>Securian is known as one of the industry's leading companies in security. By offering comprehensive security solutions to its customers, it protects against a wide range of threats, from data leaks to phishing attacks. Professional security experts offer the most effective solutions to protect customers' digital assets with cutting-edge tools and constantly updated strategies.<\/p><h3>Leadership in Cloud Technologies<br \/><br \/><\/h3><p>There is a growing trend for businesses to migrate to the cloud to achieve flexibility, scalability and efficiency. Securian offers a team specialized in cloud computing and a comprehensive range of services. It helps its customers determine the most appropriate cloud architecture and strategies, while providing the support needed to manage and optimize cloud infrastructure.<\/p><h3>Professional Services and Digital Transformation<br \/><br \/><\/h3><p>Securian offers its customers customized professional services tailored to their IT needs. With a variety of services such as project management, consulting, training and support, it helps customers make the best use of technology and achieve their business goals. It also helps customers gain competitive advantage and prepare for the future by leading digital transformation processes.<\/p><h3>Customer Satisfaction and Quality Standards<br \/><br \/><\/h3><p>Securian always keeps customer satisfaction at the highest level and is committed to providing continuous quality service to its customers. Its expert team closely follows the latest developments in the industry and offers its customers the latest technologies and best practices.<\/p><p>Securian is an IT company specializing in security, cloud technologies, professional services, data center management, virtualization and digital transformation. By providing innovative solutions to its customers, it helps them optimize their business processes and gain competitive advantage. In terms of reliability, quality and customer satisfaction, Securian is a leading name in the industry.<\/p>\t\t\t\t\t\t<\/div>\n\t\t\t\t<\/div>\n\t\t\t\t\t<\/div>\n\t\t<\/div>\n\t\t\t\t\t<\/div>\n\t\t<\/section>\n\t\t\t\t<section class=\"elementor-section elementor-top-section elementor-element elementor-element-3498865 elementor-section-full_width elementor-section-height-default elementor-section-height-default\" data-id=\"3498865\" data-element_type=\"section\">\n\t\t\t\t\t\t<div class=\"elementor-container elementor-column-gap-no\">\n\t\t\t\t\t<div class=\"elementor-column elementor-col-100 elementor-top-column elementor-element elementor-element-24464be\" data-id=\"24464be\" data-element_type=\"column\">\n\t\t\t<div class=\"elementor-widget-wrap elementor-element-populated\">\n\t\t\t\t\t\t<div class=\"elementor-element elementor-element-d8fa0b9 elementor-align-left elementor-widget elementor-widget-bdevs-about\" data-id=\"d8fa0b9\" data-element_type=\"widget\" data-widget_type=\"bdevs-about.default\">\n\t\t\t\t<div class=\"elementor-widget-container\">\n\t\t\t \r\n<section class=\"about-us-section-style1 pdt-110 pdb-110 bg-no-repeat bg-cover bg-pos-cb\" data-background=\"https:\/\/shtheme.com\/demosd\/ziptech\/wp-content\/uploads\/2023\/04\/abs-bg1.png\" data-overlay-light=\"3\">\r\n      <div class=\"container\">\r\n        <div class=\"row\">\r\n          <div class=\"col-md-12 col-lg-8 col-xl-6 wow fadeInRight\" data-wow-delay=\"0ms\" data-wow-duration=\"1500ms\">\r\n            <div class=\"about-image-box-style1 dot-circle mrb-lg-60\">\r\n              <img decoding=\"async\" class=\"about-image1 img-full js-tilt d-none d-md-block d-lg-block d-xl-block\" src=\"https:\/\/shtheme.com\/demosd\/ziptech\/wp-content\/uploads\/2023\/04\/about-sm2.jpg\" alt=\"\" \/>\r\n              <img decoding=\"async\" class=\"about-image2 img-full\" src=\"https:\/\/shtheme.com\/demosd\/ziptech\/wp-content\/uploads\/2023\/04\/about-lg2.jpg\" alt=\"\" \/>\r\n              <img decoding=\"async\" class=\"about-badge1 img-full js-tilt\" src=\"https:\/\/shtheme.com\/demosd\/ziptech\/wp-content\/uploads\/2023\/04\/certificate1.png\" alt=\"\" \/>\r\n            <\/div>\r\n          <\/div>\r\n          <div class=\"col-md-12 col-lg-10 col-xl-6 wow fadeInLeft\" data-wow-delay=\"0ms\" data-wow-duration=\"1500ms\">\r\n            <div class=\"title-box\">\r\n            \t              \t<h5 class=\"side-line-left sub-title text-gradient-color\">Securian Technology<\/h5>\r\n              \t              \t              \t<h2 class=\"title mrb-35 mrb-lg-35 translation-block\">Securian offers you <span class=\"text-gradient-color\">IT Solutions<\/span>.<\/h2>\r\n              \t            <\/div>\r\n                        <p class=\"mrb-30\">Our values; At Securian, our values are the cornerstone of everything we do. Honesty, innovation and\nWe believe in unremitting commitment to excellence. Our team only meets expectations\nIt acts with the passion to produce solutions that not only meet but exceed them. Transparency,\nCollaboration and customer satisfaction are at the core of our values and every interaction and\nensures that the project reflects our unwavering commitment to quality and success. Your values\nJoin us on a journey where it translates into actions and creates a lasting impact on your business.<\/p>\r\n                        <div class=\"row mrb-35 mrb-lg-35\">\r\n            \t              <div class=\"col-xl-6 col-lg-6 col-md-12\">\r\n                <ul class=\"order-list webex-primary-color\">\r\n                  <li>Security<\/li>\n\n<li>Cloud Systems<\/li>\n\n<li>IT Consultant<\/li>                <\/ul>\r\n              <\/div>\r\n                                          <div class=\"col-xl-6 col-lg-6 col-md-12\">\r\n                <ul class=\"order-list webex-primary-color\">\r\n                  <li>Data Center<\/li>\n\t\t\t\t\t\t\t\t\t<li>Virtual Management<\/li>\n\t\t\t\t\t\t\t\t\t<li>Digital Transformation<\/li>                <\/ul>\r\n              <\/div>\r\n                          <\/div>\r\n            <div class=\"row no-gutters mrb-5\">\r\n            \t\t              <div class=\"col-xl-6 col-lg-6 col-md-6 col-sm-6\">\r\n\t                <div class=\"featured-icon-box mrb-15 mrr-30\">\r\n\t                \t\t                  \t<div class=\"featured-icon\">\r\n\t                    \t<i class=\"webexflaticon webextheme-icon-group\"><\/i>\r\n\t                  \t<\/div>\r\n\t                  \t\t                  <div class=\"featured-content\">\r\n\t                  \t\t                    <h4 class=\"featured-title\">Innovative Solutions<\/h4>\r\n\t                    \t                    \t                    <p class=\"featured-desc\">We support you with many innovative solutions in the sector.<\/p>\r\n\t                    \t                  <\/div>\r\n\t                <\/div>\r\n\t              <\/div>\r\n              \t\t              <div class=\"col-xl-6 col-lg-6 col-md-6 col-sm-6\">\r\n\t                <div class=\"featured-icon-box mrb-15 mrr-30\">\r\n\t                \t\t                  \t<div class=\"featured-icon\">\r\n\t                    \t<i class=\"webexflaticon webextheme-icon-013-user-interface\"><\/i>\r\n\t                  \t<\/div>\r\n\t                  \t\t                  <div class=\"featured-content\">\r\n\t                  \t\t                    <h4 class=\"featured-title\">IT Consultancy<\/h4>\r\n\t                    \t                    \t                    <p class=\"featured-desc\">We offer professional services in the field of technology.<\/p>\r\n\t                    \t                  <\/div>\r\n\t                <\/div>\r\n\t              <\/div>\r\n              \t            <\/div>\r\n            <div class=\"row\">\r\n              <div class=\"col-lg-12\">\r\n                <div class=\"d-inline d-md-flex align-items-center mt-40\">\r\n                \t\t                 \t<a href=\"https:\/\/www.securian.com.tr\/en\/tum-hizmetlerimiz\/\" class=\"theme-btn-1 mrr-40 mrb-sm-20\">Our Services <i class=\"base-icon-next\"><\/i><\/a>\r\n\t                \t                  <div class=\"signature\">\r\n\t                    <img decoding=\"async\" src=\"\" alt=\"\" \/>\r\n\t                  <\/div>\r\n                <\/div>\r\n              <\/div>\r\n            <\/div>\r\n          <\/div>\r\n        <\/div>\r\n      <\/div>\r\n    <\/section>\r\n\t\t\t<\/div>\n\t\t\t\t<\/div>\n\t\t\t\t\t<\/div>\n\t\t<\/div>\n\t\t\t\t\t<\/div>\n\t\t<\/section>\n\t\t\t\t<\/div>","protected":false},"excerpt":{"rendered":"<p>Hakk\u0131m\u0131zda Anasayfa Hakk\u0131m\u0131zda Teknolojide Yenilik\u00e7i \u00c7\u00f6z\u00fcmler Securian: \u0130novasyonla G\u00fcvenlik ve Dijital D\u00f6n\u00fc\u015f\u00fcm\u00fcn \u00d6nc\u00fcs\u00fcDijital \u00e7a\u011f\u0131n h\u0131zla geli\u015fen d\u00fcnyas\u0131nda, teknoloji her alanda hayat\u0131m\u0131z\u0131 \u015fekillendiriyor ve i\u015fletmeler i\u00e7in yeni f\u0131rsatlar yarat\u0131yor. Bu f\u0131rsatlar\u0131 en iyi \u015fekilde de\u011ferlendirmek ve ayn\u0131 zamanda g\u00fcvenli\u011fi sa\u011flamak ise her i\u015fletmenin \u00f6ncelikli hedefi olmal\u0131d\u0131r. \u0130\u015fte bu noktada, Securian gibi g\u00fcvenlik, bulut teknolojileri, profesyonel hizmetler, [&hellip;]<\/p>","protected":false},"author":1,"featured_media":0,"parent":0,"menu_order":0,"comment_status":"closed","ping_status":"closed","template":"page-templates\/home.php","meta":{"inline_featured_image":false,"footnotes":""},"class_list":["post-135","page","type-page","status-publish","hentry"],"_links":{"self":[{"href":"https:\/\/www.securian.com.tr\/en\/wp-json\/wp\/v2\/pages\/135","targetHints":{"allow":["GET"]}}],"collection":[{"href":"https:\/\/www.securian.com.tr\/en\/wp-json\/wp\/v2\/pages"}],"about":[{"href":"https:\/\/www.securian.com.tr\/en\/wp-json\/wp\/v2\/types\/page"}],"author":[{"embeddable":true,"href":"https:\/\/www.securian.com.tr\/en\/wp-json\/wp\/v2\/users\/1"}],"replies":[{"embeddable":true,"href":"https:\/\/www.securian.com.tr\/en\/wp-json\/wp\/v2\/comments?post=135"}],"version-history":[{"count":29,"href":"https:\/\/www.securian.com.tr\/en\/wp-json\/wp\/v2\/pages\/135\/revisions"}],"predecessor-version":[{"id":1478,"href":"https:\/\/www.securian.com.tr\/en\/wp-json\/wp\/v2\/pages\/135\/revisions\/1478"}],"wp:attachment":[{"href":"https:\/\/www.securian.com.tr\/en\/wp-json\/wp\/v2\/media?parent=135"}],"curies":[{"name":"wp","href":"https:\/\/api.w.org\/{rel}","templated":true}]}}