{"id":1242,"date":"2024-02-05T14:54:11","date_gmt":"2024-02-05T14:54:11","guid":{"rendered":"https:\/\/www.securian.com.tr\/?page_id=1242"},"modified":"2024-02-10T09:58:35","modified_gmt":"2024-02-10T09:58:35","slug":"projelerimiz","status":"publish","type":"page","link":"https:\/\/www.securian.com.tr\/en\/projelerimiz\/","title":{"rendered":"Projects"},"content":{"rendered":"<div data-elementor-type=\"wp-page\" data-elementor-id=\"1242\" class=\"elementor elementor-1242\">\n\t\t\t\t\t\t<section class=\"elementor-section elementor-top-section elementor-element elementor-element-719b214 elementor-section-full_width elementor-section-height-default elementor-section-height-default\" data-id=\"719b214\" data-element_type=\"section\" data-settings=\"{&quot;background_background&quot;:&quot;classic&quot;}\">\n\t\t\t\t\t\t<div class=\"elementor-container elementor-column-gap-default\">\n\t\t\t\t\t<div class=\"elementor-column elementor-col-100 elementor-top-column elementor-element elementor-element-a36d85d\" data-id=\"a36d85d\" data-element_type=\"column\">\n\t\t\t<div class=\"elementor-widget-wrap elementor-element-populated\">\n\t\t\t\t\t\t<div class=\"elementor-element elementor-element-f5a66e2 elementor-widget elementor-widget-spacer\" data-id=\"f5a66e2\" data-element_type=\"widget\" data-widget_type=\"spacer.default\">\n\t\t\t\t<div class=\"elementor-widget-container\">\n\t\t\t<style>\/*! elementor - v3.19.0 - 05-02-2024 *\/\n.elementor-column .elementor-spacer-inner{height:var(--spacer-size)}.e-con{--container-widget-width:100%}.e-con-inner>.elementor-widget-spacer,.e-con>.elementor-widget-spacer{width:var(--container-widget-width,var(--spacer-size));--align-self:var(--container-widget-align-self,initial);--flex-shrink:0}.e-con-inner>.elementor-widget-spacer>.elementor-widget-container,.e-con>.elementor-widget-spacer>.elementor-widget-container{height:100%;width:100%}.e-con-inner>.elementor-widget-spacer>.elementor-widget-container>.elementor-spacer,.e-con>.elementor-widget-spacer>.elementor-widget-container>.elementor-spacer{height:100%}.e-con-inner>.elementor-widget-spacer>.elementor-widget-container>.elementor-spacer>.elementor-spacer-inner,.e-con>.elementor-widget-spacer>.elementor-widget-container>.elementor-spacer>.elementor-spacer-inner{height:var(--container-widget-height,var(--spacer-size))}.e-con-inner>.elementor-widget-spacer.elementor-widget-empty,.e-con>.elementor-widget-spacer.elementor-widget-empty{position:relative;min-height:22px;min-width:22px}.e-con-inner>.elementor-widget-spacer.elementor-widget-empty .elementor-widget-empty-icon,.e-con>.elementor-widget-spacer.elementor-widget-empty .elementor-widget-empty-icon{position:absolute;top:0;bottom:0;left:0;right:0;margin:auto;padding:0;width:22px;height:22px}<\/style>\t\t<div class=\"elementor-spacer\">\n\t\t\t<div class=\"elementor-spacer-inner\"><\/div>\n\t\t<\/div>\n\t\t\t\t<\/div>\n\t\t\t\t<\/div>\n\t\t\t\t<div class=\"elementor-element elementor-element-4aa7eb7 elementor-widget elementor-widget-heading\" data-id=\"4aa7eb7\" data-element_type=\"widget\" data-widget_type=\"heading.default\">\n\t\t\t\t<div class=\"elementor-widget-container\">\n\t\t\t<style>\/*! elementor - v3.19.0 - 05-02-2024 *\/\n.elementor-heading-title{padding:0;margin:0;line-height:1}.elementor-widget-heading .elementor-heading-title[class*=elementor-size-]>a{color:inherit;font-size:inherit;line-height:inherit}.elementor-widget-heading .elementor-heading-title.elementor-size-small{font-size:15px}.elementor-widget-heading .elementor-heading-title.elementor-size-medium{font-size:19px}.elementor-widget-heading .elementor-heading-title.elementor-size-large{font-size:29px}.elementor-widget-heading .elementor-heading-title.elementor-size-xl{font-size:39px}.elementor-widget-heading .elementor-heading-title.elementor-size-xxl{font-size:59px}<\/style><h2 class=\"elementor-heading-title elementor-size-default\">Solutions<\/h2>\t\t<\/div>\n\t\t\t\t<\/div>\n\t\t\t\t<div class=\"elementor-element elementor-element-95ba627 elementor-widget elementor-widget-spacer\" data-id=\"95ba627\" data-element_type=\"widget\" data-widget_type=\"spacer.default\">\n\t\t\t\t<div class=\"elementor-widget-container\">\n\t\t\t\t\t<div class=\"elementor-spacer\">\n\t\t\t<div class=\"elementor-spacer-inner\"><\/div>\n\t\t<\/div>\n\t\t\t\t<\/div>\n\t\t\t\t<\/div>\n\t\t\t\t\t<\/div>\n\t\t<\/div>\n\t\t\t\t\t<\/div>\n\t\t<\/section>\n\t\t\t\t<section class=\"elementor-section elementor-top-section elementor-element elementor-element-2be9261 elementor-section-boxed elementor-section-height-default elementor-section-height-default\" data-id=\"2be9261\" data-element_type=\"section\">\n\t\t\t\t\t\t<div class=\"elementor-container elementor-column-gap-default\">\n\t\t\t\t\t<div class=\"elementor-column elementor-col-100 elementor-top-column elementor-element elementor-element-5a0be87\" data-id=\"5a0be87\" data-element_type=\"column\">\n\t\t\t<div class=\"elementor-widget-wrap elementor-element-populated\">\n\t\t\t\t\t\t<div class=\"elementor-element elementor-element-6c0c69e elementor-align-left elementor-widget elementor-widget-bdevs-projects-degital-agency\" data-id=\"6c0c69e\" data-element_type=\"widget\" data-widget_type=\"bdevs-projects-degital-agency.default\">\n\t\t\t\t<div class=\"elementor-widget-container\">\n\t\t\t \n<section class=\"pdt-105\">\n      <div class=\"section-title mrb-55 mrb-lg-60 wow fadeInUp\" data-wow-delay=\"0ms\" data-wow-duration=\"1500ms\">\n        <div class=\"container\">\n          <div class=\"row align-items-end\">\n            <div class=\"col-xl-8 col-lg-12 col-md-12\">\n              <div class=\"title-box\">\n              \t                <h5 class=\"side-line-left sub-title text-gradient-color\">Securian Technology<\/h5>\n                                                <h2 class=\"mrb-0 mrb-lg-35\">\n                  Our Professional IT Solutions                <\/h2>\n                                                <div class=\"section-title-big_text\">Securian<\/div>\n                              <\/div>\n            <\/div>\n                        <div class=\"col-xl-4 col-lg-8 col-md-12 text-lg-start text-xs-end\">\n              <p class=\"mrb-0\">Securian offers you many professional solutions in the field of Information and Technology. Trend Micro, which develops professional solutions and produces projects with world giants, and offers you professional security, system management and software services with many software products such as Rapplex and Gardiyan.<\/p>\n            <\/div>\n                      <\/div>\n        <\/div>\n      <\/div>\n      <div class=\"section-content\">\n        <div class=\"container-fluid\">\n          <div class=\"row\">\n            <div class=\"col-xl-12\">\n              <div class=\"project-item-style1-wrapper\">\n              \t                <div class=\"owl-carousel projects_5col\">\n                                \t\t                \t                                  <div class=\"project-item-style1\">\n                    <span class=\"icon webextheme-icon-017-seo-1\"><\/span>\n                    <div class=\"project-item-thumb\">\n                      <a class=\"project-item-link-image\" href=\"https:\/\/www.securian.com.tr\/en\/projects\/gardiyan-istemci-yonetim-sistemi\/\">\n                        <img decoding=\"async\" class=\"img-full\" src=\"https:\/\/www.securian.com.tr\/wp-content\/uploads\/2023\/03\/Gardiyan_Sunumu_Cekino_AS-1_page-0001-scaled.jpg\" alt=\"\" \/>\n                      <\/a>\n                    <\/div>\n                    <div class=\"project-item-details\">\n                      <div class=\"project-item-details-inner\">\n                        <h6 class=\"project-item-category\"><a href=\"https:\/\/www.securian.com.tr\/en\/projects\/gardiyan-istemci-yonetim-sistemi\/\">System Management <\/a><\/h6>\n                        <h4 class=\"title\">Gardiyan\u2013 Client Management System<\/h4>\n                        <div class=\"project-item-link-icon\">\n                          <a href=\"https:\/\/www.securian.com.tr\/en\/projects\/gardiyan-istemci-yonetim-sistemi\/\"><i class=\"base-icon-next\"><\/i><\/a>\n                        <\/div>\n                      <\/div>\n                    <\/div>\n                    <div class=\"project-item-details-hover\">\n                      <div class=\"project-item-details-inner\">\n                        <h4 class=\"title\">Gardiyan\u2013 Client Management System<\/h4>\n                        <div class=\"desc\">                            Gardiyan &#8211; \u0130stemci Y\u00f6netimi Geni\u015f \u00e7al\u0131\u015fma a\u011flar\u0131nda u\u00e7tan uca t\u00fcm sistemin g\u00fcvenli bir \u015fekilde...                            <\/div>\n                        <div class=\"project-item-link-icon\">\n                          <a href=\"https:\/\/www.securian.com.tr\/en\/projects\/gardiyan-istemci-yonetim-sistemi\/\"><i class=\"base-icon-next\"><\/i><\/a>\n                        <\/div>\n                      <\/div>\n                    <\/div>\n                    <a class=\"bg-overlay\" href=\"https:\/\/www.securian.com.tr\/en\/projects\/gardiyan-istemci-yonetim-sistemi\/\"><\/a>\n                  <\/div>\n                  \n                  \t                \t                                  <div class=\"project-item-style1\">\n                    <span class=\"icon webextheme-icon-cloud\"><\/span>\n                    <div class=\"project-item-thumb\">\n                      <a class=\"project-item-link-image\" href=\"https:\/\/www.securian.com.tr\/en\/projects\/trend-micro-her-alanda-siber-guvenlik\/\">\n                        <img decoding=\"async\" class=\"img-full\" src=\"https:\/\/www.securian.com.tr\/wp-content\/uploads\/2023\/03\/trendmcr-1-scaled.jpg\" alt=\"\" \/>\n                      <\/a>\n                    <\/div>\n                    <div class=\"project-item-details\">\n                      <div class=\"project-item-details-inner\">\n                        <h6 class=\"project-item-category\"><a href=\"https:\/\/www.securian.com.tr\/en\/projects\/trend-micro-her-alanda-siber-guvenlik\/\">Cyber Security <\/a><\/h6>\n                        <h4 class=\"title\">Trend Micro - The Art of Cyber Security<\/h4>\n                        <div class=\"project-item-link-icon\">\n                          <a href=\"https:\/\/www.securian.com.tr\/en\/projects\/trend-micro-her-alanda-siber-guvenlik\/\"><i class=\"base-icon-next\"><\/i><\/a>\n                        <\/div>\n                      <\/div>\n                    <\/div>\n                    <div class=\"project-item-details-hover\">\n                      <div class=\"project-item-details-inner\">\n                        <h4 class=\"title\">Trend Micro - The Art of Cyber Security<\/h4>\n                        <div class=\"desc\">                            Trend MicroSiber g\u00fcvenlik alan\u0131nda d\u00fcnya lideri olan Trend Micro, dijital bilgilerin d\u00fcnya genelinde g\u00fcvenli...                            <\/div>\n                        <div class=\"project-item-link-icon\">\n                          <a href=\"https:\/\/www.securian.com.tr\/en\/projects\/trend-micro-her-alanda-siber-guvenlik\/\"><i class=\"base-icon-next\"><\/i><\/a>\n                        <\/div>\n                      <\/div>\n                    <\/div>\n                    <a class=\"bg-overlay\" href=\"https:\/\/www.securian.com.tr\/en\/projects\/trend-micro-her-alanda-siber-guvenlik\/\"><\/a>\n                  <\/div>\n                  \n                  \t                \t                                  <div class=\"project-item-style1\">\n                    <span class=\"icon webextheme-icon-019-line-chart\"><\/span>\n                    <div class=\"project-item-thumb\">\n                      <a class=\"project-item-link-image\" href=\"https:\/\/www.securian.com.tr\/en\/projects\/rapplex-web-uygulama-guvenligi\/\">\n                        <img decoding=\"async\" class=\"img-full\" src=\"https:\/\/www.securian.com.tr\/wp-content\/uploads\/2023\/03\/rpplx-scaled.jpg\" alt=\"\" \/>\n                      <\/a>\n                    <\/div>\n                    <div class=\"project-item-details\">\n                      <div class=\"project-item-details-inner\">\n                        <h6 class=\"project-item-category\"><a href=\"https:\/\/www.securian.com.tr\/en\/projects\/rapplex-web-uygulama-guvenligi\/\">Cyber Security <\/a><\/h6>\n                        <h4 class=\"title\">RAPPLEX - Web Application Security Suite<\/h4>\n                        <div class=\"project-item-link-icon\">\n                          <a href=\"https:\/\/www.securian.com.tr\/en\/projects\/rapplex-web-uygulama-guvenligi\/\"><i class=\"base-icon-next\"><\/i><\/a>\n                        <\/div>\n                      <\/div>\n                    <\/div>\n                    <div class=\"project-item-details-hover\">\n                      <div class=\"project-item-details-inner\">\n                        <h4 class=\"title\">RAPPLEX - Web Application Security Suite<\/h4>\n                        <div class=\"desc\">                            Rapplex &#8211; Web Uygulama G\u00fcvenlik Taray\u0131c\u0131s\u0131Web sitelerinde zafiyet taramas\u0131 yapan ve raporlayan bir yaz\u0131l\u0131md\u0131r.Otomatize...                            <\/div>\n                        <div class=\"project-item-link-icon\">\n                          <a href=\"https:\/\/www.securian.com.tr\/en\/projects\/rapplex-web-uygulama-guvenligi\/\"><i class=\"base-icon-next\"><\/i><\/a>\n                        <\/div>\n                      <\/div>\n                    <\/div>\n                    <a class=\"bg-overlay\" href=\"https:\/\/www.securian.com.tr\/en\/projects\/rapplex-web-uygulama-guvenligi\/\"><\/a>\n                  <\/div>\n                  \n                                  <\/div>\n              <\/div>\n            <\/div>\n          <\/div>\n        <\/div>\n      <\/div>\n    <\/section>\n\t\n\t  \n\t\t\t<\/div>\n\t\t\t\t<\/div>\n\t\t\t\t\t<\/div>\n\t\t<\/div>\n\t\t\t\t\t<\/div>\n\t\t<\/section>\n\t\t\t\t<\/div>","protected":false},"excerpt":{"rendered":"<p>\u00c7\u00f6z\u00fcmlerimiz Securian Teknoloji Profesyonel BT \u00c7\u00f6z\u00fcmlerimiz Securian Securian sizlere Bili\u015fim ve Teknoloji alan\u0131nda bir\u00e7ok profesyonel \u00e7\u00f6z\u00fcmler sunar. D\u00fcnya devleri ile profesyonel \u00e7\u00f6z\u00fcmler geli\u015ftiren, projeler \u00fcreten Trend Micro ve Rapplex, Gardiyan gibi bir\u00e7ok yaz\u0131l\u0131m \u00fcr\u00fcn\u00fc ile sizlere profesyonel g\u00fcvenlik, sistem y\u00f6netimi, yaz\u0131l\u0131m hizmetleri sunar. System Management Gardiyan &#8211; \u0130stemci Y\u00f6netim Sistemi Gardiyan &#8211; \u0130stemci Y\u00f6netim Sistemi [&hellip;]<\/p>","protected":false},"author":1,"featured_media":0,"parent":0,"menu_order":0,"comment_status":"closed","ping_status":"closed","template":"","meta":{"inline_featured_image":false,"footnotes":""},"class_list":["post-1242","page","type-page","status-publish","hentry"],"_links":{"self":[{"href":"https:\/\/www.securian.com.tr\/en\/wp-json\/wp\/v2\/pages\/1242","targetHints":{"allow":["GET"]}}],"collection":[{"href":"https:\/\/www.securian.com.tr\/en\/wp-json\/wp\/v2\/pages"}],"about":[{"href":"https:\/\/www.securian.com.tr\/en\/wp-json\/wp\/v2\/types\/page"}],"author":[{"embeddable":true,"href":"https:\/\/www.securian.com.tr\/en\/wp-json\/wp\/v2\/users\/1"}],"replies":[{"embeddable":true,"href":"https:\/\/www.securian.com.tr\/en\/wp-json\/wp\/v2\/comments?post=1242"}],"version-history":[{"count":16,"href":"https:\/\/www.securian.com.tr\/en\/wp-json\/wp\/v2\/pages\/1242\/revisions"}],"predecessor-version":[{"id":1578,"href":"https:\/\/www.securian.com.tr\/en\/wp-json\/wp\/v2\/pages\/1242\/revisions\/1578"}],"wp:attachment":[{"href":"https:\/\/www.securian.com.tr\/en\/wp-json\/wp\/v2\/media?parent=1242"}],"curies":[{"name":"wp","href":"https:\/\/api.w.org\/{rel}","templated":true}]}}