{"id":1234,"date":"2024-02-05T14:42:12","date_gmt":"2024-02-05T14:42:12","guid":{"rendered":"https:\/\/www.securian.com.tr\/?page_id=1234"},"modified":"2024-02-12T08:36:06","modified_gmt":"2024-02-12T08:36:06","slug":"blog-3","status":"publish","type":"page","link":"https:\/\/www.securian.com.tr\/en\/blog-3\/","title":{"rendered":"Blog"},"content":{"rendered":"<div data-elementor-type=\"wp-page\" data-elementor-id=\"1234\" class=\"elementor elementor-1234\">\n\t\t\t\t\t\t<section class=\"elementor-section elementor-top-section elementor-element elementor-element-1ff080a elementor-section-full_width elementor-section-height-default elementor-section-height-default\" data-id=\"1ff080a\" data-element_type=\"section\" data-settings=\"{&quot;background_background&quot;:&quot;classic&quot;}\">\n\t\t\t\t\t\t<div class=\"elementor-container elementor-column-gap-default\">\n\t\t\t\t\t<div class=\"elementor-column elementor-col-100 elementor-top-column elementor-element elementor-element-dce7410\" data-id=\"dce7410\" data-element_type=\"column\">\n\t\t\t<div class=\"elementor-widget-wrap elementor-element-populated\">\n\t\t\t\t\t\t<div class=\"elementor-element elementor-element-04ab201 elementor-widget elementor-widget-spacer\" data-id=\"04ab201\" data-element_type=\"widget\" data-widget_type=\"spacer.default\">\n\t\t\t\t<div class=\"elementor-widget-container\">\n\t\t\t<style>\/*! elementor - v3.19.0 - 05-02-2024 *\/\n.elementor-column .elementor-spacer-inner{height:var(--spacer-size)}.e-con{--container-widget-width:100%}.e-con-inner>.elementor-widget-spacer,.e-con>.elementor-widget-spacer{width:var(--container-widget-width,var(--spacer-size));--align-self:var(--container-widget-align-self,initial);--flex-shrink:0}.e-con-inner>.elementor-widget-spacer>.elementor-widget-container,.e-con>.elementor-widget-spacer>.elementor-widget-container{height:100%;width:100%}.e-con-inner>.elementor-widget-spacer>.elementor-widget-container>.elementor-spacer,.e-con>.elementor-widget-spacer>.elementor-widget-container>.elementor-spacer{height:100%}.e-con-inner>.elementor-widget-spacer>.elementor-widget-container>.elementor-spacer>.elementor-spacer-inner,.e-con>.elementor-widget-spacer>.elementor-widget-container>.elementor-spacer>.elementor-spacer-inner{height:var(--container-widget-height,var(--spacer-size))}.e-con-inner>.elementor-widget-spacer.elementor-widget-empty,.e-con>.elementor-widget-spacer.elementor-widget-empty{position:relative;min-height:22px;min-width:22px}.e-con-inner>.elementor-widget-spacer.elementor-widget-empty .elementor-widget-empty-icon,.e-con>.elementor-widget-spacer.elementor-widget-empty .elementor-widget-empty-icon{position:absolute;top:0;bottom:0;left:0;right:0;margin:auto;padding:0;width:22px;height:22px}<\/style>\t\t<div class=\"elementor-spacer\">\n\t\t\t<div class=\"elementor-spacer-inner\"><\/div>\n\t\t<\/div>\n\t\t\t\t<\/div>\n\t\t\t\t<\/div>\n\t\t\t\t<div class=\"elementor-element elementor-element-91bb282 elementor-widget elementor-widget-heading\" data-id=\"91bb282\" data-element_type=\"widget\" data-widget_type=\"heading.default\">\n\t\t\t\t<div class=\"elementor-widget-container\">\n\t\t\t<style>\/*! elementor - v3.19.0 - 05-02-2024 *\/\n.elementor-heading-title{padding:0;margin:0;line-height:1}.elementor-widget-heading .elementor-heading-title[class*=elementor-size-]>a{color:inherit;font-size:inherit;line-height:inherit}.elementor-widget-heading .elementor-heading-title.elementor-size-small{font-size:15px}.elementor-widget-heading .elementor-heading-title.elementor-size-medium{font-size:19px}.elementor-widget-heading .elementor-heading-title.elementor-size-large{font-size:29px}.elementor-widget-heading .elementor-heading-title.elementor-size-xl{font-size:39px}.elementor-widget-heading .elementor-heading-title.elementor-size-xxl{font-size:59px}<\/style><h2 class=\"elementor-heading-title elementor-size-default\">Blog<\/h2>\t\t<\/div>\n\t\t\t\t<\/div>\n\t\t\t\t<div class=\"elementor-element elementor-element-008763e elementor-widget elementor-widget-spacer\" data-id=\"008763e\" data-element_type=\"widget\" data-widget_type=\"spacer.default\">\n\t\t\t\t<div class=\"elementor-widget-container\">\n\t\t\t\t\t<div class=\"elementor-spacer\">\n\t\t\t<div class=\"elementor-spacer-inner\"><\/div>\n\t\t<\/div>\n\t\t\t\t<\/div>\n\t\t\t\t<\/div>\n\t\t\t\t\t<\/div>\n\t\t<\/div>\n\t\t\t\t\t<\/div>\n\t\t<\/section>\n\t\t\t\t<section class=\"elementor-section elementor-top-section elementor-element elementor-element-cf482db elementor-section-boxed elementor-section-height-default elementor-section-height-default\" data-id=\"cf482db\" data-element_type=\"section\">\n\t\t\t\t\t\t<div class=\"elementor-container elementor-column-gap-default\">\n\t\t\t\t\t<div class=\"elementor-column elementor-col-100 elementor-top-column elementor-element elementor-element-37139cd\" data-id=\"37139cd\" data-element_type=\"column\">\n\t\t\t<div class=\"elementor-widget-wrap elementor-element-populated\">\n\t\t\t\t\t\t<div class=\"elementor-element elementor-element-3903cde elementor-align-left elementor-widget elementor-widget-bdevs-blog\" data-id=\"3903cde\" data-element_type=\"widget\" data-widget_type=\"bdevs-blog.default\">\n\t\t\t\t<div class=\"elementor-widget-container\">\n\t\t\t<section class=\"pdt-105 bg-cover\" data-background=\"\">\r\n      <div class=\"section-title mrb-60 wow fadeInUp\" data-wow-delay=\"0ms\" data-wow-duration=\"1500ms\">\r\n        <div class=\"container\">\r\n          <div class=\"row align-items-end\">\r\n            <div class=\"col-xl-6 col-lg-8 col-md-12\">\r\n              <div class=\"title-box-center\">\r\n                                <h5 class=\"side-line-left sub-title text-gradient-color\">Blog<\/h5>\r\n                                                <h2 class=\"mrb-25\">Bili\u015fim ve Teknoloji<\/h2>\r\n                                                <div class=\"section-title-big_text\">News<\/div>\r\n                                                <p class=\"mrb-0 mrb-md-40\">Securian olarak, i\u015fletmelerin teknoloji alan\u0131ndaki ihtiya\u00e7lar\u0131n\u0131 kar\u015f\u0131lamak ve sekt\u00f6rel ba\u015far\u0131ya ula\u015fmalar\u0131n\u0131 sa\u011flamak i\u00e7in elimizden gelenin en iyisini yap\u0131yoruz. De\u011ferlerimiz do\u011frultusunda hareket ederek, m\u00fc\u015fterilerimize s\u00fcrd\u00fcr\u00fclebilir ve yenilik\u00e7i \u00e7\u00f6z\u00fcmler sunuyoruz. Bizimle birlikte, de\u011ferlerin eylemlere d\u00f6n\u00fc\u015ft\u00fc\u011f\u00fc ve i\u015fletmeniz \u00fczerinde kal\u0131c\u0131 bir etki yaratt\u0131\u011f\u0131 bir yolculu\u011fa kat\u0131l\u0131n.<\/p>\r\n                              <\/div>\r\n            <\/div>\r\n                        <div class=\"col-xl-6 col-lg-4 col-md-12 text-lg-end\">\r\n              <a href=\"https:\/\/www.securian.com.tr\/en\/blog-3\/\" class=\"theme-btn-1\">T\u00fcm Makaleler <i class=\"base-icon-next\"><\/i><\/a>\r\n            <\/div>\r\n                      <\/div>\r\n        <\/div>\r\n      <\/div>\r\n      <div class=\"section-content mrb-80\">\r\n        <div class=\"container\">\r\n          <div class=\"row justify-content-center\">\r\n          \t          <\/div>\r\n        <\/div>\r\n      <\/div>\r\n\t<div class=\"call-to-action\">\r\n        <div class=\"container\">\r\n          <div class=\"call-to-action-inner\">\r\n            <div class=\"call-to-action-left\">\r\n            \t              <div class=\"call-to-action-icon\">\r\n                <span class=\"webexflaticon base-icon-chat1\"><\/span>\r\n              <\/div>\r\n                            <div class=\"call-to-action-content\">\r\n              \t                <p class=\"call-to-action-sub-title\">Need Any Consultaitons?<\/p>\r\n                                                <h2 class=\"call-to-action-title\">We are ready to help you<\/h2>\r\n                              <\/div>\r\n            <\/div>\r\n                        <div class=\"call-to-action-btn-box mrt-15 mrt-md-30\">\r\n              <a href=\"https:\/\/shtheme.com\/demosd\/ziptech\/?page_id=154\" class=\"theme-btn-2\">Contact Us<\/a>\r\n            <\/div>\r\n                      <\/div>\r\n        <\/div>\r\n      <\/div>\r\n      <!-- Call to Action End -->\r\n    <\/section>\r\n\t\t\t<\/div>\n\t\t\t\t<\/div>\n\t\t\t\t\t<\/div>\n\t\t<\/div>\n\t\t\t\t\t<\/div>\n\t\t<\/section>\n\t\t\t\t<\/div>","protected":false},"excerpt":{"rendered":"<p>Blog Blog Bili\u015fim ve Teknoloji News Securian olarak, i\u015fletmelerin teknoloji alan\u0131ndaki ihtiya\u00e7lar\u0131n\u0131 kar\u015f\u0131lamak ve sekt\u00f6rel ba\u015far\u0131ya ula\u015fmalar\u0131n\u0131 sa\u011flamak i\u00e7in elimizden gelenin en iyisini yap\u0131yoruz. De\u011ferlerimiz do\u011frultusunda hareket ederek, m\u00fc\u015fterilerimize s\u00fcrd\u00fcr\u00fclebilir ve yenilik\u00e7i \u00e7\u00f6z\u00fcmler sunuyoruz. Bizimle birlikte, de\u011ferlerin eylemlere d\u00f6n\u00fc\u015ft\u00fc\u011f\u00fc ve i\u015fletmeniz \u00fczerinde kal\u0131c\u0131 bir etki yaratt\u0131\u011f\u0131 bir yolculu\u011fa kat\u0131l\u0131n. T\u00fcm Makaleler Need Any Consultaitons? We [&hellip;]<\/p>","protected":false},"author":1,"featured_media":0,"parent":0,"menu_order":0,"comment_status":"closed","ping_status":"closed","template":"","meta":{"inline_featured_image":false,"footnotes":""},"class_list":["post-1234","page","type-page","status-publish","hentry"],"_links":{"self":[{"href":"https:\/\/www.securian.com.tr\/en\/wp-json\/wp\/v2\/pages\/1234","targetHints":{"allow":["GET"]}}],"collection":[{"href":"https:\/\/www.securian.com.tr\/en\/wp-json\/wp\/v2\/pages"}],"about":[{"href":"https:\/\/www.securian.com.tr\/en\/wp-json\/wp\/v2\/types\/page"}],"author":[{"embeddable":true,"href":"https:\/\/www.securian.com.tr\/en\/wp-json\/wp\/v2\/users\/1"}],"replies":[{"embeddable":true,"href":"https:\/\/www.securian.com.tr\/en\/wp-json\/wp\/v2\/comments?post=1234"}],"version-history":[{"count":7,"href":"https:\/\/www.securian.com.tr\/en\/wp-json\/wp\/v2\/pages\/1234\/revisions"}],"predecessor-version":[{"id":1632,"href":"https:\/\/www.securian.com.tr\/en\/wp-json\/wp\/v2\/pages\/1234\/revisions\/1632"}],"wp:attachment":[{"href":"https:\/\/www.securian.com.tr\/en\/wp-json\/wp\/v2\/media?parent=1234"}],"curies":[{"name":"wp","href":"https:\/\/api.w.org\/{rel}","templated":true}]}}